{"id":733,"date":"2022-06-06T01:01:27","date_gmt":"2022-06-06T01:01:27","guid":{"rendered":"https:\/\/staging.omsa.ca\/incoming-executive\/"},"modified":"2022-06-06T01:01:27","modified_gmt":"2022-06-06T01:01:27","slug":"incoming-executive","status":"publish","type":"page","link":"https:\/\/omsa.ca\/fr\/incoming-executive\/","title":{"rendered":"Ex\u00e9cutif entrant"},"content":{"rendered":"<p class=\"rtecenter\"><span style=\"font-size:16px;\"><strong>F\u00e9licitations \u00e0 notre conseil d&#039;administration nouvellement \u00e9lu !<\/strong><\/span><\/p>\n<p class=\"rtecenter\"><span style=\"font-size:14px;\"><span style=\"color:#000080;\"><strong>Pr\u00e9sident:<\/strong><\/span> Jeeventh Kaur (Universit\u00e9 de Toronto)<br \/>\n<span style=\"color:#000080;\"><strong>Pr\u00e9sident \u00e9lu\u00a0:<\/strong><\/span> Maxim Matyashin (Universit\u00e9 Western)<br \/>\n<span style=\"color:#000080;\"><strong>Vice-pr\u00e9sident du plaidoyer\u00a0:<\/strong><\/span> Zoe Tsai (Universit\u00e9 d&#039;Ottawa)<br \/>\n<span style=\"color:#000080;\"><strong>Vice-pr\u00e9sident EDID\u00a0:<\/strong><\/span> Maham Rehman (Universit\u00e9 McMaster)<br \/>\n<span style=\"color:#000080;\"><strong>Vice-pr\u00e9sident \u00c9ducation\u00a0:<\/strong><\/span>&nbsp;Lina Ghattas (Universit\u00e9 Western)<br \/>\n<span style=\"color:#000080;\"><strong>Vice-pr\u00e9sident des relations publiques\u00a0:<\/strong><\/span> Taha Ismail (Universit\u00e9 Western)<br \/>\n<span style=\"color:#000080;\"><strong>Vice-pr\u00e9sident Finances\u00a0:<\/strong><\/span> Terrel Marshall (Universit\u00e9 McMaster)<br \/>\n<span style=\"color:#000080;\"><strong>Vice-pr\u00e9sident aux affaires \u00e9tudiantes\u00a0:<\/strong><\/span> Nainika Venugopal (Universit\u00e9 Western)<br \/>\n<span style=\"color:#000080;\"><strong>Vice-pr\u00e9sident des op\u00e9rations\u00a0:<\/strong><\/span> Samuel Haile (Universit\u00e9 de Toronto)<\/span><\/p>","protected":false},"excerpt":{"rendered":"<p>Congratulations to our newly elected Executive Board! President: Jeeventh Kaur (University of Toronto) President-Elect: Maxim Matyashin (Western University) VP Advocacy: Zoe Tsai (University of Ottawa) VP EDID: Maham Rehman (McMaster [&hellip;]<\/p>","protected":false},"author":4,"featured_media":0,"parent":0,"menu_order":0,"comment_status":"closed","ping_status":"closed","template":"","meta":{"footnotes":""},"class_list":["post-733","page","type-page","status-publish","hentry"],"acf":[],"_links":{"self":[{"href":"https:\/\/omsa.ca\/fr\/wp-json\/wp\/v2\/pages\/733","targetHints":{"allow":["GET"]}}],"collection":[{"href":"https:\/\/omsa.ca\/fr\/wp-json\/wp\/v2\/pages"}],"about":[{"href":"https:\/\/omsa.ca\/fr\/wp-json\/wp\/v2\/types\/page"}],"author":[{"embeddable":true,"href":"https:\/\/omsa.ca\/fr\/wp-json\/wp\/v2\/users\/4"}],"replies":[{"embeddable":true,"href":"https:\/\/omsa.ca\/fr\/wp-json\/wp\/v2\/comments?post=733"}],"version-history":[{"count":0,"href":"https:\/\/omsa.ca\/fr\/wp-json\/wp\/v2\/pages\/733\/revisions"}],"wp:attachment":[{"href":"https:\/\/omsa.ca\/fr\/wp-json\/wp\/v2\/media?parent=733"}],"curies":[{"name":"wp","href":"https:\/\/api.w.org\/{rel}","templated":true}]}}