{"id":712,"date":"2022-01-13T19:43:55","date_gmt":"2022-01-13T19:43:55","guid":{"rendered":"https:\/\/staging.omsa.ca\/sponsorships\/"},"modified":"2024-04-01T12:18:17","modified_gmt":"2024-04-01T12:18:17","slug":"sponsorships","status":"publish","type":"page","link":"https:\/\/omsa.ca\/fr\/sponsorships\/","title":{"rendered":"Parrainages"},"content":{"rendered":"<div data-elementor-type=\"wp-page\" data-elementor-id=\"712\" class=\"elementor elementor-712\" data-elementor-post-type=\"page\">\n\t\t\t\t<div class=\"elementor-element elementor-element-72f39cca e-flex e-con-boxed elementor-invisible e-con e-parent\" data-id=\"72f39cca\" data-element_type=\"container\" data-settings=\"{&quot;animation&quot;:&quot;fadeIn&quot;,&quot;container_type&quot;:&quot;flex&quot;,&quot;content_width&quot;:&quot;boxed&quot;}\" data-core-v316-plus=\"true\">\n\t\t\t\t\t<div class=\"e-con-inner\">\n\t\t\t\t<div class=\"elementor-element elementor-element-5087a0a elementor-widget elementor-widget-spacer\" data-id=\"5087a0a\" data-element_type=\"widget\" data-widget_type=\"spacer.default\">\n\t\t\t\t<div class=\"elementor-widget-container\">\n\t\t\t<style>\/*! elementor - v3.19.0 - 07-02-2024 *\/\n.elementor-column .elementor-spacer-inner{height:var(--spacer-size)}.e-con{--container-widget-width:100%}.e-con-inner>.elementor-widget-spacer,.e-con>.elementor-widget-spacer{width:var(--container-widget-width,var(--spacer-size));--align-self:var(--container-widget-align-self,initial);--flex-shrink:0}.e-con-inner>.elementor-widget-spacer>.elementor-widget-container,.e-con>.elementor-widget-spacer>.elementor-widget-container{height:100%;width:100%}.e-con-inner>.elementor-widget-spacer>.elementor-widget-container>.elementor-spacer,.e-con>.elementor-widget-spacer>.elementor-widget-container>.elementor-spacer{height:100%}.e-con-inner>.elementor-widget-spacer>.elementor-widget-container>.elementor-spacer>.elementor-spacer-inner,.e-con>.elementor-widget-spacer>.elementor-widget-container>.elementor-spacer>.elementor-spacer-inner{height:var(--container-widget-height,var(--spacer-size))}.e-con-inner>.elementor-widget-spacer.elementor-widget-empty,.e-con>.elementor-widget-spacer.elementor-widget-empty{position:relative;min-height:22px;min-width:22px}.e-con-inner>.elementor-widget-spacer.elementor-widget-empty .elementor-widget-empty-icon,.e-con>.elementor-widget-spacer.elementor-widget-empty .elementor-widget-empty-icon{position:absolute;top:0;bottom:0;left:0;right:0;margin:auto;padding:0;width:22px;height:22px}<\/style>\t\t<div class=\"elementor-spacer\">\n\t\t\t<div class=\"elementor-spacer-inner\"><\/div>\n\t\t<\/div>\n\t\t\t\t<\/div>\n\t\t\t\t<\/div>\n\t\t\t\t<div class=\"elementor-element elementor-element-e573fd4 elementor-widget elementor-widget-heading\" data-id=\"e573fd4\" data-element_type=\"widget\" data-widget_type=\"heading.default\">\n\t\t\t\t<div class=\"elementor-widget-container\">\n\t\t\t<style>\/*! elementor - v3.19.0 - 07-02-2024 *\/\n.elementor-heading-title{padding:0;margin:0;line-height:1}.elementor-widget-heading .elementor-heading-title[class*=elementor-size-]>a{color:inherit;font-size:inherit;line-height:inherit}.elementor-widget-heading .elementor-heading-title.elementor-size-small{font-size:15px}.elementor-widget-heading .elementor-heading-title.elementor-size-medium{font-size:19px}.elementor-widget-heading .elementor-heading-title.elementor-size-large{font-size:29px}.elementor-widget-heading .elementor-heading-title.elementor-size-xl{font-size:39px}.elementor-widget-heading .elementor-heading-title.elementor-size-xxl{font-size:59px}<\/style><h1 class=\"elementor-heading-title elementor-size-default\">Parrainages<\/h1>\t\t<\/div>\n\t\t\t\t<\/div>\n\t\t\t\t<div class=\"elementor-element elementor-element-e6b67b6 elementor-widget elementor-widget-text-editor\" data-id=\"e6b67b6\" data-element_type=\"widget\" data-widget_type=\"text-editor.default\">\n\t\t\t\t<div class=\"elementor-widget-container\">\n\t\t\t<style>\/*! elementor - v3.19.0 - 07-02-2024 *\/\n.elementor-widget-text-editor.elementor-drop-cap-view-stacked .elementor-drop-cap{background-color:#69727d;color:#fff}.elementor-widget-text-editor.elementor-drop-cap-view-framed .elementor-drop-cap{color:#69727d;border:3px solid;background-color:transparent}.elementor-widget-text-editor:not(.elementor-drop-cap-view-default) .elementor-drop-cap{margin-top:8px}.elementor-widget-text-editor:not(.elementor-drop-cap-view-default) .elementor-drop-cap-letter{width:1em;height:1em}.elementor-widget-text-editor .elementor-drop-cap{float:left;text-align:center;line-height:1;font-size:50px}.elementor-widget-text-editor .elementor-drop-cap-letter{display:inline-block}<\/style>\t\t\t\t<p>Voici les grandes lignes de l&#039;OMSA de la Politique Financi\u00e8re des Sponsors et des Partenaires Financiers. Tous les comit\u00e9s de travail avec les partenaires externes sont tenus de respecter ces lignes directrices.<\/p>\t\t\t\t\t\t<\/div>\n\t\t\t\t<\/div>\n\t\t\t\t<div class=\"elementor-element elementor-element-7df48172 elementor-widget elementor-widget-text-editor\" data-id=\"7df48172\" data-element_type=\"widget\" data-widget_type=\"text-editor.default\">\n\t\t\t\t<div class=\"elementor-widget-container\">\n\t\t\t\t\t\t\t<ol><li>Tous les comit\u00e9s s&#039;abstenir de partenariat avec, le contact ou la promotion de toute entreprise qui op\u00e8re dans le secteur de l&#039;assurance proposant des produits et services similaires \u00e0 ceux offerts par l&#039;OMA de l&#039;Assurance. Cela comprend la vie, handicap, de l&#039;automobile, de l&#039;habitation et de l&#039;assurance personnelle des offrandes.<\/li><li>Tous les comit\u00e9s s&#039;abstenir de partenariats financiers avec les organisations qui vendent des comp\u00e9tences cliniques de l&#039;\u00e9quipement, y compris les st\u00e9thoscopes et les autres comp\u00e9tences cliniques des outils.<\/li><li>Tous les comit\u00e9s d&#039;assurer une v\u00e9rification financi\u00e8re des entreprises partenaires afin de s&#039;assurer qu&#039;ils r\u00e9pondent OMSA valeurs trouv\u00e9es <a href=\"https:\/\/omsa.ca\/fr\/vision-mission-and-values-vision-mission-et-valeurs\/\">ici<\/a>. Cela peut inclure, mais n&#039;est pas limit\u00e9 \u00e0, l&#039;utilisation des moteurs de recherche, d&#039;articles de presse (historiques ou actuels), archives publiques et communication de l&#039;information financi\u00e8re.<\/li><li>Tous les comit\u00e9s ont acc\u00e8s \u00e0 l&#039;information li\u00e9e \u00e0 la pr\u00e9c\u00e9dente partenaires pour leur \u00e9v\u00e9nement donn\u00e9 (c&#039;est \u00e0 dire Wellness Retreat, MSERG, etc) et envisager de travailler avec des donn\u00e9es historiques et des partenaires \u00e0 long terme aussi longtemps que leurs offres sont raisonnables et r\u00e9alisables<\/li><\/ol>\t\t\t\t\t\t<\/div>\n\t\t\t\t<\/div>\n\t\t\t\t\t<\/div>\n\t\t\t\t<\/div>\n\t\t<div class=\"elementor-element elementor-element-862e58a e-flex e-con-boxed e-con e-parent\" data-id=\"862e58a\" data-element_type=\"container\" data-settings=\"{&quot;container_type&quot;:&quot;flex&quot;,&quot;content_width&quot;:&quot;boxed&quot;}\" data-core-v316-plus=\"true\">\n\t\t\t\t\t<div class=\"e-con-inner\">\n\t\t\t\t<div class=\"elementor-element elementor-element-f596448 elementor-invisible elementor-widget elementor-widget-text-editor\" data-id=\"f596448\" data-element_type=\"widget\" data-settings=\"{&quot;_animation&quot;:&quot;fadeIn&quot;}\" data-widget_type=\"text-editor.default\">\n\t\t\t\t<div class=\"elementor-widget-container\">\n\t\t\t\t\t\t\t<p>De La Politique \u00c0 Compter Du 8 Janvier 2022. La politique Expire le 31 ao\u00fbt 2024, sauf indication contraire.<\/p><p>\u00a0<\/p><p>Pour toute demande de partenariat qui n&#039;est pas clair, tous les comit\u00e9s pouvez consulter le VP Finance (<a href=\"mailto:finance@omsa.ca\">finance@omsa.ca<\/a>) pour la d\u00e9termination.<\/p>\t\t\t\t\t\t<\/div>\n\t\t\t\t<\/div>\n\t\t\t\t\t<\/div>\n\t\t\t\t<\/div>\n\t\t<div class=\"elementor-element elementor-element-0e558a5 e-flex e-con-boxed e-con e-parent\" data-id=\"0e558a5\" data-element_type=\"container\" data-settings=\"{&quot;container_type&quot;:&quot;flex&quot;,&quot;content_width&quot;:&quot;boxed&quot;}\" data-core-v316-plus=\"true\">\n\t\t\t\t\t<div class=\"e-con-inner\">\n\t\t\t\t<div class=\"elementor-element elementor-element-b5bb54f elementor-widget elementor-widget-spacer\" data-id=\"b5bb54f\" data-element_type=\"widget\" data-widget_type=\"spacer.default\">\n\t\t\t\t<div class=\"elementor-widget-container\">\n\t\t\t\t\t<div class=\"elementor-spacer\">\n\t\t\t<div class=\"elementor-spacer-inner\"><\/div>\n\t\t<\/div>\n\t\t\t\t<\/div>\n\t\t\t\t<\/div>\n\t\t\t\t\t<\/div>\n\t\t\t\t<\/div>\n\t\t\t\t<\/div>","protected":false},"excerpt":{"rendered":"<p>Sponsorships The following outlines OMSA&#8217;s Policy on Financial Sponsors and Financial Partners. All committees working with external partners are required to follow these guidelines. All committees refrain from partnering with, [&hellip;]<\/p>","protected":false},"author":4,"featured_media":0,"parent":0,"menu_order":0,"comment_status":"closed","ping_status":"closed","template":"","meta":{"footnotes":""},"class_list":["post-712","page","type-page","status-publish","hentry"],"acf":[],"_links":{"self":[{"href":"https:\/\/omsa.ca\/fr\/wp-json\/wp\/v2\/pages\/712","targetHints":{"allow":["GET"]}}],"collection":[{"href":"https:\/\/omsa.ca\/fr\/wp-json\/wp\/v2\/pages"}],"about":[{"href":"https:\/\/omsa.ca\/fr\/wp-json\/wp\/v2\/types\/page"}],"author":[{"embeddable":true,"href":"https:\/\/omsa.ca\/fr\/wp-json\/wp\/v2\/users\/4"}],"replies":[{"embeddable":true,"href":"https:\/\/omsa.ca\/fr\/wp-json\/wp\/v2\/comments?post=712"}],"version-history":[{"count":33,"href":"https:\/\/omsa.ca\/fr\/wp-json\/wp\/v2\/pages\/712\/revisions"}],"predecessor-version":[{"id":3361,"href":"https:\/\/omsa.ca\/fr\/wp-json\/wp\/v2\/pages\/712\/revisions\/3361"}],"wp:attachment":[{"href":"https:\/\/omsa.ca\/fr\/wp-json\/wp\/v2\/media?parent=712"}],"curies":[{"name":"wp","href":"https:\/\/api.w.org\/{rel}","templated":true}]}}