{"id":710,"date":"2021-09-19T14:54:58","date_gmt":"2021-09-19T14:54:58","guid":{"rendered":"https:\/\/staging.omsa.ca\/coming-soon\/"},"modified":"2025-06-01T19:36:11","modified_gmt":"2025-06-01T23:36:11","slug":"constitution-minutes-links","status":"publish","type":"page","link":"https:\/\/omsa.ca\/fr\/constitution-minutes-links\/","title":{"rendered":"Constitution, proc\u00e8s-verbaux et liens"},"content":{"rendered":"<div data-elementor-type=\"wp-page\" data-elementor-id=\"710\" class=\"elementor elementor-710\" data-elementor-post-type=\"page\">\n\t\t\t\t<div class=\"elementor-element elementor-element-461dc806 e-flex e-con-boxed e-con e-parent\" data-id=\"461dc806\" data-element_type=\"container\" data-settings=\"{&quot;container_type&quot;:&quot;flex&quot;,&quot;content_width&quot;:&quot;boxed&quot;}\" data-core-v316-plus=\"true\">\n\t\t\t\t\t<div class=\"e-con-inner\">\n\t\t\t\t<div class=\"elementor-element elementor-element-308fe1dc elementor-widget elementor-widget-spacer\" data-id=\"308fe1dc\" data-element_type=\"widget\" data-widget_type=\"spacer.default\">\n\t\t\t\t<div class=\"elementor-widget-container\">\n\t\t\t<style>\/*! elementor - v3.19.0 - 07-02-2024 *\/\n.elementor-column .elementor-spacer-inner{height:var(--spacer-size)}.e-con{--container-widget-width:100%}.e-con-inner>.elementor-widget-spacer,.e-con>.elementor-widget-spacer{width:var(--container-widget-width,var(--spacer-size));--align-self:var(--container-widget-align-self,initial);--flex-shrink:0}.e-con-inner>.elementor-widget-spacer>.elementor-widget-container,.e-con>.elementor-widget-spacer>.elementor-widget-container{height:100%;width:100%}.e-con-inner>.elementor-widget-spacer>.elementor-widget-container>.elementor-spacer,.e-con>.elementor-widget-spacer>.elementor-widget-container>.elementor-spacer{height:100%}.e-con-inner>.elementor-widget-spacer>.elementor-widget-container>.elementor-spacer>.elementor-spacer-inner,.e-con>.elementor-widget-spacer>.elementor-widget-container>.elementor-spacer>.elementor-spacer-inner{height:var(--container-widget-height,var(--spacer-size))}.e-con-inner>.elementor-widget-spacer.elementor-widget-empty,.e-con>.elementor-widget-spacer.elementor-widget-empty{position:relative;min-height:22px;min-width:22px}.e-con-inner>.elementor-widget-spacer.elementor-widget-empty .elementor-widget-empty-icon,.e-con>.elementor-widget-spacer.elementor-widget-empty .elementor-widget-empty-icon{position:absolute;top:0;bottom:0;left:0;right:0;margin:auto;padding:0;width:22px;height:22px}<\/style>\t\t<div class=\"elementor-spacer\">\n\t\t\t<div class=\"elementor-spacer-inner\"><\/div>\n\t\t<\/div>\n\t\t\t\t<\/div>\n\t\t\t\t<\/div>\n\t\t<div class=\"elementor-element elementor-element-d3c1c3b e-flex e-con-boxed elementor-invisible e-con e-child\" data-id=\"d3c1c3b\" data-element_type=\"container\" data-settings=\"{&quot;animation&quot;:&quot;fadeIn&quot;,&quot;container_type&quot;:&quot;flex&quot;,&quot;content_width&quot;:&quot;boxed&quot;}\">\n\t\t\t\t\t<div class=\"e-con-inner\">\n\t\t\t\t<div class=\"elementor-element elementor-element-3efcbf40 elementor-widget elementor-widget-heading\" data-id=\"3efcbf40\" data-element_type=\"widget\" data-widget_type=\"heading.default\">\n\t\t\t\t<div class=\"elementor-widget-container\">\n\t\t\t<style>\/*! elementor - v3.19.0 - 07-02-2024 *\/\n.elementor-heading-title{padding:0;margin:0;line-height:1}.elementor-widget-heading .elementor-heading-title[class*=elementor-size-]>a{color:inherit;font-size:inherit;line-height:inherit}.elementor-widget-heading .elementor-heading-title.elementor-size-small{font-size:15px}.elementor-widget-heading .elementor-heading-title.elementor-size-medium{font-size:19px}.elementor-widget-heading .elementor-heading-title.elementor-size-large{font-size:29px}.elementor-widget-heading .elementor-heading-title.elementor-size-xl{font-size:39px}.elementor-widget-heading .elementor-heading-title.elementor-size-xxl{font-size:59px}<\/style><h1 class=\"elementor-heading-title elementor-size-default\">Constitution, proc\u00e8s-verbaux et liens<\/h1>\t\t<\/div>\n\t\t\t\t<\/div>\n\t\t\t\t<div class=\"elementor-element elementor-element-687575eb elementor-widget elementor-widget-heading\" data-id=\"687575eb\" data-element_type=\"widget\" data-widget_type=\"heading.default\">\n\t\t\t\t<div class=\"elementor-widget-container\">\n\t\t\t<h2 class=\"elementor-heading-title elementor-size-default\">Constitution et r\u00e8glements<\/h2>\t\t<\/div>\n\t\t\t\t<\/div>\n\t\t\t\t<div class=\"elementor-element elementor-element-2fea24f8 elementor-invisible elementor-widget elementor-widget-text-editor\" data-id=\"2fea24f8\" data-element_type=\"widget\" data-settings=\"{&quot;_animation&quot;:&quot;fadeIn&quot;}\" data-widget_type=\"text-editor.default\">\n\t\t\t\t<div class=\"elementor-widget-container\">\n\t\t\t<style>\/*! elementor - v3.19.0 - 07-02-2024 *\/\n.elementor-widget-text-editor.elementor-drop-cap-view-stacked .elementor-drop-cap{background-color:#69727d;color:#fff}.elementor-widget-text-editor.elementor-drop-cap-view-framed .elementor-drop-cap{color:#69727d;border:3px solid;background-color:transparent}.elementor-widget-text-editor:not(.elementor-drop-cap-view-default) .elementor-drop-cap{margin-top:8px}.elementor-widget-text-editor:not(.elementor-drop-cap-view-default) .elementor-drop-cap-letter{width:1em;height:1em}.elementor-widget-text-editor .elementor-drop-cap{float:left;text-align:center;line-height:1;font-size:50px}.elementor-widget-text-editor .elementor-drop-cap-letter{display:inline-block}<\/style>\t\t\t\t<p>La Constitution et les statuts de l&#039;OMSA disponibles ci-dessous guident la conduite des affaires des membres de l&#039;OMSA. En cas de divergence entre la constitution et un r\u00e8glement, la premi\u00e8re pr\u00e9vaut.<\/p><ul><li><a href=\"https:\/\/omsa.ca\/wp-content\/uploads\/2024\/04\/omsa_constitution_september_2023.pdf\">Statuts de l&#039;OMSA <\/a>(septembre 2023)<\/li><li><a href=\"https:\/\/omsa.ca\/wp-content\/uploads\/2024\/04\/omsa_bylaws_september_2023.pdf\">OMSA\u00a0<\/a><a href=\"https:\/\/omsa.ca\/wp-content\/uploads\/2024\/04\/omsa_bylaws_september_2023.pdf\" target=\"_blank\" rel=\"noopener\">Bylaws<\/a>\u00a0(Janurary 2025)<\/li><\/ul>\t\t\t\t\t\t<\/div>\n\t\t\t\t<\/div>\n\t\t\t\t<div class=\"elementor-element elementor-element-51e3fb77 elementor-widget elementor-widget-heading\" data-id=\"51e3fb77\" data-element_type=\"widget\" data-widget_type=\"heading.default\">\n\t\t\t\t<div class=\"elementor-widget-container\">\n\t\t\t<h2 class=\"elementor-heading-title elementor-size-default\">Autres documents constitutifs<\/h2>\t\t<\/div>\n\t\t\t\t<\/div>\n\t\t\t\t<div class=\"elementor-element elementor-element-4b0cfece elementor-widget elementor-widget-text-editor\" data-id=\"4b0cfece\" data-element_type=\"widget\" data-widget_type=\"text-editor.default\">\n\t\t\t\t<div class=\"elementor-widget-container\">\n\t\t\t\t\t\t\t<ul><li><a href=\"https:\/\/omsa.ca\/wp-content\/uploads\/2024\/04\/omsa_advocacy_values_guiding_principles.docx.pdf\">Valeurs et principes directeurs du plaidoyer<\/a><a href=\"https:\/\/drive.google.com\/file\/d\/1BFUY9G1Oar5Bkqc_i8rXx2yb7CAfJ-W7\/view?usp=sharing\"> (janvier 2022)<\/a><\/li><li><a href=\"https:\/\/drive.google.com\/file\/d\/1BFUY9G1Oar5Bkqc_i8rXx2yb7CAfJ-W7\/view?usp=sharing\">Committee Member Support &amp; Accountability Policy<\/a> (April 2025)<\/li><li><a href=\"https:\/\/drive.google.com\/file\/d\/14iw_pZF6cIppmcJErJX-XeVkebMF6BXP\/view?usp=sharing\">Day of Action Adoption Protocol<\/a> (October 2023)<\/li><li><a href=\"https:\/\/drive.google.com\/file\/d\/18DnW1VxboDOdYFRuRxQJo_9Se4w5WgEu\/view?usp=sharing\">Grants and Awards Selection Policy<\/a> (December 2024)<\/li><li><a href=\"https:\/\/omsa.ca\/wp-content\/uploads\/2024\/04\/summarized_position_paper_guidelines_feb_2022.docx.pdf\">Lignes directrices pour la r\u00e9daction des expos\u00e9s de position<\/a> (mars 2022)<\/li><li><a href=\"https:\/\/omsa.ca\/wp-content\/uploads\/2024\/04\/omsa_elections_policy_may_2023.pdf\">Politique \u00e9lectorale<\/a> (mai 2023)<\/li><li><a href=\"https:\/\/drive.google.com\/file\/d\/19y4W6z1lMUGBuc4WVrD5SeJO8jjRIHOK\/view?usp=sharing\">Events Policy<\/a> (January 2025)<\/li><li><a href=\"https:\/\/drive.google.com\/file\/d\/1515lwFJ1EHan_UOgaannNoxbaQtq727v\/view?usp=sharing\">Escalation Policy<\/a> (January 2025)<\/li><li><a href=\"https:\/\/drive.google.com\/file\/d\/1wyit00o5GZXlmPwruCCIT7v7n2MyhBwx\/view?usp=sharing\">Politique d&#039;embauche<\/a> (April 2025)<\/li><li><a href=\"https:\/\/drive.google.com\/file\/d\/1VfHnmN82kb1rolbUJBPmhMdQALgiWW9_\/view?usp=sharing\">Long-Term Advocacy Plan 2025-2028<\/a> (April 2025)<\/li><li><a href=\"https:\/\/drive.google.com\/file\/d\/1MAW00oczB7aZGNpfmDKLXPf1tsmg8Nx4\/view?usp=sharing\">Ontario Medical Education Standards<\/a> (May 2025)<\/li><li><a href=\"https:\/\/drive.google.com\/file\/d\/1wMgnDaPDhwYrU7reuoyxQ5ExRXTWbNQl\/view?usp=sharing\">Position and Policy Paper Policy<\/a> (September 2024)<\/li><li><a href=\"https:\/\/drive.google.com\/file\/d\/1qAHKh14kbVkJN2sq4Sb7n6a7_0-Pa9NJ\/view?usp=sharing\">Politique de promotion<\/a> (February 2025)<\/li><li><a href=\"https:\/\/drive.google.com\/file\/d\/1sn5b-B6ICZjiyIFWUCqQ10afxFRmtsvs\/view?usp=sharing\">Reserves Policy<\/a> (December 2024)<\/li><li><a href=\"https:\/\/drive.google.com\/file\/d\/1KVNNOW5GQ17LNrDx04DGahTa_xw1d3fo\/view?usp=sharing\">Sponsorship Policy<\/a> (novembre 2022)<\/li><li><a href=\"https:\/\/drive.google.com\/file\/d\/1MuCHyTFbXC2U-Au_5Cgd9lwvsyu8qMul\/view?usp=sharing\">Task Force Policy<\/a> (Oct 2024)<\/li><\/ul>\t\t\t\t\t\t<\/div>\n\t\t\t\t<\/div>\n\t\t\t\t<div class=\"elementor-element elementor-element-793c3cc8 elementor-widget elementor-widget-heading\" data-id=\"793c3cc8\" data-element_type=\"widget\" data-widget_type=\"heading.default\">\n\t\t\t\t<div class=\"elementor-widget-container\">\n\t\t\t<h2 class=\"elementor-heading-title elementor-size-default\">Comptes rendus des r\u00e9unions<\/h2>\t\t<\/div>\n\t\t\t\t<\/div>\n\t\t\t\t<div class=\"elementor-element elementor-element-4fdf764d elementor-widget elementor-widget-n-accordion\" data-id=\"4fdf764d\" data-element_type=\"widget\" data-settings=\"{&quot;default_state&quot;:&quot;all_collapsed&quot;,&quot;max_items_expended&quot;:&quot;one&quot;,&quot;n_accordion_animation_duration&quot;:{&quot;unit&quot;:&quot;ms&quot;,&quot;size&quot;:400,&quot;sizes&quot;:[]}}\" data-widget_type=\"nested-accordion.default\">\n\t\t\t\t<div class=\"elementor-widget-container\">\n\t\t\t\t\t<div class=\"e-n-accordion\" aria-label=\"Accord\u00e9on. Ouvrez les liens avec Entr\u00e9e ou Espace, fermez avec \u00c9chap et naviguez avec les touches fl\u00e9ch\u00e9es\">\n\t\t\t\t\t\t<details id=\"e-n-accordion-item-1340\" class=\"e-n-accordion-item\" >\n\t\t\t\t<summary class=\"e-n-accordion-item-title\" data-accordion-index=\"1\" tabindex=\"0\" aria-expanded=\"false\" aria-controls=\"e-n-accordion-item-1340\" >\n\t\t\t\t\t<span class='e-n-accordion-item-title-header'><div class=\"e-n-accordion-item-title-text\"> 2022-2023 <\/div><\/span>\n\t\t\t\t\t\t\t<span class='e-n-accordion-item-title-icon'>\n\t\t\t<span class='e-opened' ><svg aria-hidden=\"true\" class=\"e-font-icon-svg e-fas-minus\" viewbox=\"0 0 448 512\" xmlns=\"http:\/\/www.w3.org\/2000\/svg\"><path d=\"M416 208H32c-17.67 0-32 14.33-32 32v32c0 17.67 14.33 32 32 32h384c17.67 0 32-14.33 32-32v-32c0-17.67-14.33-32-32-32z\"><\/path><\/svg><\/span>\n\t\t\t<span class='e-closed'><svg aria-hidden=\"true\" class=\"e-font-icon-svg e-fas-plus\" viewbox=\"0 0 448 512\" xmlns=\"http:\/\/www.w3.org\/2000\/svg\"><path d=\"M416 208H272V64c0-17.67-14.33-32-32-32h-32c-17.67 0-32 14.33-32 32v144H32c-17.67 0-32 14.33-32 32v32c0 17.67 14.33 32 32 32h144v144c0 17.67 14.33 32 32 32h32c17.67 0 32-14.33 32-32V304h144c17.67 0 32-14.33 32-32v-32c0-17.67-14.33-32-32-32z\"><\/path><\/svg><\/span>\n\t\t<\/span>\n\n\t\t\t\t\t\t<\/summary>\n\t\t\t\t<div role=\"region\" aria-labelledby=\"e-n-accordion-item-1340\" class=\"elementor-element elementor-element-6f7f6105 e-con-full e-flex e-con e-child\" data-id=\"6f7f6105\" data-element_type=\"container\" data-settings=\"{&quot;content_width&quot;:&quot;full&quot;,&quot;container_type&quot;:&quot;flex&quot;}\">\n\t\t<div role=\"region\" aria-labelledby=\"e-n-accordion-item-1340\" class=\"elementor-element elementor-element-6ee41067 e-flex e-con-boxed e-con e-child\" data-id=\"6ee41067\" data-element_type=\"container\" data-settings=\"{&quot;container_type&quot;:&quot;flex&quot;,&quot;content_width&quot;:&quot;boxed&quot;}\">\n\t\t\t\t\t<div class=\"e-con-inner\">\n\t\t\t\t<div class=\"elementor-element elementor-element-48df8fb5 elementor-widget elementor-widget-text-editor\" data-id=\"48df8fb5\" data-element_type=\"widget\" data-widget_type=\"text-editor.default\">\n\t\t\t\t<div class=\"elementor-widget-container\">\n\t\t\t\t\t\t\t<ul><li><a href=\"https:\/\/omsa.ca\/wp-content\/uploads\/2024\/04\/omsa_council_meeting_minutes_-_july_17_2022.pdf\">R\u00e9union #1 (17\/07\/2022)<\/a><\/li><li><a href=\"https:\/\/omsa.ca\/wp-content\/uploads\/2024\/04\/omsa_council_meeting_minutes_-_september_10_2022.pdf\">R\u00e9union #2 (10\/09\/2022)\u00a0<\/a><\/li><li><a href=\"https:\/\/omsa.ca\/wp-content\/uploads\/2024\/04\/omsa_council_meeting_minutes_-_october_22_2022.pdf\">R\u00e9union #3 (22\/10\/2022)<\/a><\/li><li><a href=\"https:\/\/omsa.ca\/wp-content\/uploads\/2024\/04\/omsa_council_meeting_minutes_-_decemer_3_2022.pdf\">R\u00e9union #4 (03\/12\/2022)<\/a><\/li><li><a href=\"https:\/\/omsa.ca\/wp-content\/uploads\/2024\/04\/omsa_council_meeting_minutes_-_january_21_2023.pdf\">R\u00e9union #5 (21\/01\/2022)<\/a><\/li><\/ul>\t\t\t\t\t\t<\/div>\n\t\t\t\t<\/div>\n\t\t\t\t\t<\/div>\n\t\t\t\t<\/div>\n\t\t\t\t<\/div>\n\t\t\t\t\t<\/details>\n\t\t\t\t\t\t<details id=\"e-n-accordion-item-1341\" class=\"e-n-accordion-item\" >\n\t\t\t\t<summary class=\"e-n-accordion-item-title\" data-accordion-index=\"2\" tabindex=\"-1\" aria-expanded=\"false\" aria-controls=\"e-n-accordion-item-1341\" >\n\t\t\t\t\t<span class='e-n-accordion-item-title-header'><div class=\"e-n-accordion-item-title-text\"> 2021-2022 <\/div><\/span>\n\t\t\t\t\t\t\t<span class='e-n-accordion-item-title-icon'>\n\t\t\t<span class='e-opened' ><svg aria-hidden=\"true\" class=\"e-font-icon-svg e-fas-minus\" viewbox=\"0 0 448 512\" xmlns=\"http:\/\/www.w3.org\/2000\/svg\"><path d=\"M416 208H32c-17.67 0-32 14.33-32 32v32c0 17.67 14.33 32 32 32h384c17.67 0 32-14.33 32-32v-32c0-17.67-14.33-32-32-32z\"><\/path><\/svg><\/span>\n\t\t\t<span class='e-closed'><svg aria-hidden=\"true\" class=\"e-font-icon-svg e-fas-plus\" viewbox=\"0 0 448 512\" xmlns=\"http:\/\/www.w3.org\/2000\/svg\"><path d=\"M416 208H272V64c0-17.67-14.33-32-32-32h-32c-17.67 0-32 14.33-32 32v144H32c-17.67 0-32 14.33-32 32v32c0 17.67 14.33 32 32 32h144v144c0 17.67 14.33 32 32 32h32c17.67 0 32-14.33 32-32V304h144c17.67 0 32-14.33 32-32v-32c0-17.67-14.33-32-32-32z\"><\/path><\/svg><\/span>\n\t\t<\/span>\n\n\t\t\t\t\t\t<\/summary>\n\t\t\t\t<div role=\"region\" aria-labelledby=\"e-n-accordion-item-1341\" class=\"elementor-element elementor-element-77f14988 e-con-full e-flex e-con e-child\" data-id=\"77f14988\" data-element_type=\"container\" data-settings=\"{&quot;content_width&quot;:&quot;full&quot;,&quot;container_type&quot;:&quot;flex&quot;}\">\n\t\t<div role=\"region\" aria-labelledby=\"e-n-accordion-item-1341\" class=\"elementor-element elementor-element-7fd0ca24 e-flex e-con-boxed e-con e-child\" data-id=\"7fd0ca24\" data-element_type=\"container\" data-settings=\"{&quot;container_type&quot;:&quot;flex&quot;,&quot;content_width&quot;:&quot;boxed&quot;}\">\n\t\t\t\t\t<div class=\"e-con-inner\">\n\t\t\t\t<div class=\"elementor-element elementor-element-4fb7dd96 elementor-widget elementor-widget-text-editor\" data-id=\"4fb7dd96\" data-element_type=\"widget\" data-widget_type=\"text-editor.default\">\n\t\t\t\t<div class=\"elementor-widget-container\">\n\t\t\t\t\t\t\t<ul><li><a href=\"https:\/\/omsa.ca\/wp-content\/uploads\/2024\/04\/executive_council_meeting_minutes_-_july_3_2021-1.pdf\">R\u00e9union #1 (03\/07\/2021)<\/a><\/li><li><a href=\"https:\/\/omsa.ca\/wp-content\/uploads\/2024\/04\/omsa_council_meeting_minutes_-_september_11_2021-1.pdf\">R\u00e9union #2 (11\/09\/2021)<\/a><\/li><li><a href=\"https:\/\/omsa.ca\/wp-content\/uploads\/2024\/04\/omsa_council_meeting_minutes_-_october_30_2021.pdf\">R\u00e9union #3 (30\/10\/2021)<\/a><\/li><li><a href=\"https:\/\/omsa.ca\/wp-content\/uploads\/2024\/04\/omsa_council_meeting_minutes_-_december_4_2021.pdf\">R\u00e9union #4 (04\/12\/2021)<\/a><\/li><li><a href=\"https:\/\/omsa.ca\/wp-content\/uploads\/2024\/04\/omsa_council_meeting_minutes_-_january_8_2021.pdf\">R\u00e9union #5 (08\/01\/2022)<\/a><\/li><li><a href=\"https:\/\/omsa.ca\/wp-content\/uploads\/2024\/04\/omsa_council_meeting_minutes_-_february_26_2022.pdf\">R\u00e9union #6 (26\/02\/2022)<\/a><\/li><li><a href=\"https:\/\/omsa.ca\/wp-content\/uploads\/2024\/04\/omsa_council_meeting_minutes_-_march_26_2022.pdf\">R\u00e9union #7 (26\/03\/2022)<\/a><\/li><\/ul>\t\t\t\t\t\t<\/div>\n\t\t\t\t<\/div>\n\t\t\t\t\t<\/div>\n\t\t\t\t<\/div>\n\t\t\t\t<\/div>\n\t\t\t\t\t<\/details>\n\t\t\t\t\t\t<details id=\"e-n-accordion-item-1342\" class=\"e-n-accordion-item\" >\n\t\t\t\t<summary class=\"e-n-accordion-item-title\" data-accordion-index=\"3\" tabindex=\"-1\" aria-expanded=\"false\" aria-controls=\"e-n-accordion-item-1342\" >\n\t\t\t\t\t<span class='e-n-accordion-item-title-header'><div class=\"e-n-accordion-item-title-text\"> 2020-2021 <\/div><\/span>\n\t\t\t\t\t\t\t<span class='e-n-accordion-item-title-icon'>\n\t\t\t<span class='e-opened' ><svg aria-hidden=\"true\" class=\"e-font-icon-svg e-fas-minus\" viewbox=\"0 0 448 512\" xmlns=\"http:\/\/www.w3.org\/2000\/svg\"><path d=\"M416 208H32c-17.67 0-32 14.33-32 32v32c0 17.67 14.33 32 32 32h384c17.67 0 32-14.33 32-32v-32c0-17.67-14.33-32-32-32z\"><\/path><\/svg><\/span>\n\t\t\t<span class='e-closed'><svg aria-hidden=\"true\" class=\"e-font-icon-svg e-fas-plus\" viewbox=\"0 0 448 512\" xmlns=\"http:\/\/www.w3.org\/2000\/svg\"><path d=\"M416 208H272V64c0-17.67-14.33-32-32-32h-32c-17.67 0-32 14.33-32 32v144H32c-17.67 0-32 14.33-32 32v32c0 17.67 14.33 32 32 32h144v144c0 17.67 14.33 32 32 32h32c17.67 0 32-14.33 32-32V304h144c17.67 0 32-14.33 32-32v-32c0-17.67-14.33-32-32-32z\"><\/path><\/svg><\/span>\n\t\t<\/span>\n\n\t\t\t\t\t\t<\/summary>\n\t\t\t\t<div role=\"region\" aria-labelledby=\"e-n-accordion-item-1342\" class=\"elementor-element elementor-element-8ff4e14 e-con-full e-flex e-con e-child\" data-id=\"8ff4e14\" data-element_type=\"container\" data-settings=\"{&quot;content_width&quot;:&quot;full&quot;,&quot;container_type&quot;:&quot;flex&quot;}\">\n\t\t<div role=\"region\" aria-labelledby=\"e-n-accordion-item-1342\" class=\"elementor-element elementor-element-4c7b72e7 e-flex e-con-boxed e-con e-child\" data-id=\"4c7b72e7\" data-element_type=\"container\" data-settings=\"{&quot;container_type&quot;:&quot;flex&quot;,&quot;content_width&quot;:&quot;boxed&quot;}\">\n\t\t\t\t\t<div class=\"e-con-inner\">\n\t\t\t\t<div class=\"elementor-element elementor-element-319d3496 elementor-widget elementor-widget-text-editor\" data-id=\"319d3496\" data-element_type=\"widget\" data-widget_type=\"text-editor.default\">\n\t\t\t\t<div class=\"elementor-widget-container\">\n\t\t\t\t\t\t\t<ul><li><a href=\"https:\/\/omsa.ca\/wp-content\/uploads\/2024\/04\/meeting_minutes_2020-07-11.pdf\">R\u00e9union #1 (11\/07\/2020)<\/a><\/li><li><a href=\"https:\/\/omsa.ca\/wp-content\/uploads\/2024\/04\/meeting_minutes_2020-09-13.pdf\">R\u00e9union #2 (13\/09\/2020)<\/a><\/li><li><a href=\"https:\/\/omsa.ca\/wp-content\/uploads\/2024\/04\/meeting_minutes_2020-10-24.pdf\">R\u00e9union #3 (24\/10\/2020)<\/a><\/li><li><a href=\"https:\/\/omsa.ca\/wp-content\/uploads\/2024\/04\/meeting_minutes_-_dec_5_2020.pdf\">R\u00e9union #4 (05\/12\/2020)<\/a><\/li><li><a href=\"https:\/\/omsa.ca\/wp-content\/uploads\/2024\/04\/meeting_minutes_2021-01-02.pdf\">R\u00e9union #5 (02\/01\/2021)<\/a><\/li><li><a href=\"https:\/\/omsa.ca\/wp-content\/uploads\/2024\/04\/meeting_minutes_-_feb_20_2021.pdf\">R\u00e9union #6 (20\/02\/2021)<\/a><\/li><li><a href=\"https:\/\/omsa.ca\/wp-content\/uploads\/2024\/04\/meeting_minutes_-_march_28_2021.pdf\">R\u00e9union #7 (28\/03\/2021)<\/a><\/li><li><a href=\"https:\/\/omsa.ca\/wp-content\/uploads\/2024\/04\/meeting_minutes_-_april_25_2021.pdf\">R\u00e9union #8 (25\/04\/2021)<\/a><\/li><li><a href=\"https:\/\/omsa.ca\/wp-content\/uploads\/2024\/04\/agm_meeting_minutes_-_may_16_2021.pdf\">AG 2020-21 (16\/05\/2021)<\/a><\/li><\/ul>\t\t\t\t\t\t<\/div>\n\t\t\t\t<\/div>\n\t\t\t\t\t<\/div>\n\t\t\t\t<\/div>\n\t\t\t\t<\/div>\n\t\t\t\t\t<\/details>\n\t\t\t\t\t<\/div>\n\t\t\t\t<\/div>\n\t\t\t\t<\/div>\n\t\t\t\t\t<\/div>\n\t\t\t\t<\/div>\n\t\t\t\t\t<\/div>\n\t\t\t\t<\/div>\n\t\t<div class=\"elementor-element elementor-element-710a47d9 e-flex e-con-boxed elementor-invisible e-con e-parent\" data-id=\"710a47d9\" data-element_type=\"container\" data-settings=\"{&quot;animation&quot;:&quot;fadeIn&quot;,&quot;container_type&quot;:&quot;flex&quot;,&quot;content_width&quot;:&quot;boxed&quot;}\" data-core-v316-plus=\"true\">\n\t\t\t\t\t<div class=\"e-con-inner\">\n\t\t\t\t<div class=\"elementor-element elementor-element-1e0cdb2d elementor-widget elementor-widget-heading\" data-id=\"1e0cdb2d\" data-element_type=\"widget\" data-widget_type=\"heading.default\">\n\t\t\t\t<div class=\"elementor-widget-container\">\n\t\t\t<h2 class=\"elementor-heading-title elementor-size-default\">Liens utiles<\/h2>\t\t<\/div>\n\t\t\t\t<\/div>\n\t\t\t\t<div class=\"elementor-element elementor-element-199674c2 elementor-widget elementor-widget-text-editor\" data-id=\"199674c2\" data-element_type=\"widget\" data-widget_type=\"text-editor.default\">\n\t\t\t\t<div class=\"elementor-widget-container\">\n\t\t\t\t\t\t\t<p>Vous trouverez ci-dessous des liens vers des organisations pertinentes auxquelles l&#039;OMSA est affili\u00e9e ou qui peuvent \u00eatre utiles aux \u00e9tudiants en m\u00e9decine.<\/p>\t\t\t\t\t\t<\/div>\n\t\t\t\t<\/div>\n\t\t\t\t\t<\/div>\n\t\t\t\t<\/div>\n\t\t<div class=\"elementor-element elementor-element-27de95e3 e-flex e-con-boxed elementor-invisible e-con e-parent\" data-id=\"27de95e3\" data-element_type=\"container\" data-settings=\"{&quot;animation&quot;:&quot;fadeIn&quot;,&quot;container_type&quot;:&quot;flex&quot;,&quot;content_width&quot;:&quot;boxed&quot;}\" data-core-v316-plus=\"true\">\n\t\t\t\t\t<div class=\"e-con-inner\">\n\t\t<div class=\"elementor-element elementor-element-d3a5279 e-con-full e-flex e-con e-child\" data-id=\"d3a5279\" data-element_type=\"container\" data-settings=\"{&quot;content_width&quot;:&quot;full&quot;,&quot;container_type&quot;:&quot;flex&quot;}\">\n\t\t\t\t<div class=\"elementor-element elementor-element-4d28b1aa elementor-widget elementor-widget-text-editor\" data-id=\"4d28b1aa\" data-element_type=\"widget\" data-widget_type=\"text-editor.default\">\n\t\t\t\t<div class=\"elementor-widget-container\">\n\t\t\t\t\t\t\t<ul><li><a href=\"https:\/\/www.facebook.com\/altitudementoring\/\">Mentorat Altitude Sant\u00e9<\/a><\/li><li><a href=\"http:\/\/www.oma.org\/\">Association m\u00e9dicale de l&#039;Ontario (OMA)<\/a><\/li><li><a href=\"http:\/\/www.cfms.org\/\">F\u00e9d\u00e9ration canadienne des \u00e9tudiants en m\u00e9decine (FEMMC)<\/a><\/li><li><a href=\"http:\/\/www.cma.ca\/\">Association m\u00e9dicale canadienne (AMC)<\/a><\/li><\/ul>\t\t\t\t\t\t<\/div>\n\t\t\t\t<\/div>\n\t\t\t\t<\/div>\n\t\t<div class=\"elementor-element elementor-element-3bad9a58 e-con-full e-flex e-con e-child\" data-id=\"3bad9a58\" data-element_type=\"container\" data-settings=\"{&quot;content_width&quot;:&quot;full&quot;,&quot;container_type&quot;:&quot;flex&quot;}\">\n\t\t\t\t<div class=\"elementor-element elementor-element-1e29dbd4 elementor-widget elementor-widget-text-editor\" data-id=\"1e29dbd4\" data-element_type=\"widget\" data-widget_type=\"text-editor.default\">\n\t\t\t\t<div class=\"elementor-widget-container\">\n\t\t\t\t\t\t\t<ul><li><a href=\"https:\/\/myparo.ca\/\">Association professionnelle des stagiaires et r\u00e9sidents de l&#039;Ontario (PAIRO)<\/a><\/li><li><a href=\"http:\/\/www.cpso.on.ca\/\">Ordre des m\u00e9decins et chirurgiens de l&#039;Ontario (OMCO)<\/a><\/li><li><a href=\"http:\/\/www.medicalert.ca\/\">Fondation canadienne MedicAlert<\/a><\/li><\/ul>\t\t\t\t\t\t<\/div>\n\t\t\t\t<\/div>\n\t\t\t\t<\/div>\n\t\t\t\t\t<\/div>\n\t\t\t\t<\/div>\n\t\t<div class=\"elementor-element elementor-element-25b6376f e-flex e-con-boxed e-con e-parent\" data-id=\"25b6376f\" data-element_type=\"container\" data-settings=\"{&quot;container_type&quot;:&quot;flex&quot;,&quot;content_width&quot;:&quot;boxed&quot;}\" data-core-v316-plus=\"true\">\n\t\t\t\t\t<div class=\"e-con-inner\">\n\t\t\t\t<div class=\"elementor-element elementor-element-213c766a elementor-widget elementor-widget-spacer\" data-id=\"213c766a\" data-element_type=\"widget\" data-widget_type=\"spacer.default\">\n\t\t\t\t<div class=\"elementor-widget-container\">\n\t\t\t\t\t<div class=\"elementor-spacer\">\n\t\t\t<div class=\"elementor-spacer-inner\"><\/div>\n\t\t<\/div>\n\t\t\t\t<\/div>\n\t\t\t\t<\/div>\n\t\t\t\t\t<\/div>\n\t\t\t\t<\/div>\n\t\t\t\t<\/div>","protected":false},"excerpt":{"rendered":"<p>Constitution, Minutes and Links Constitution &amp; Bylaws The OMSA Constitution and Bylaws available below guide the business conduct by OMSA members. If there is a discrepancy between the constitution and [&hellip;]<\/p>","protected":false},"author":4,"featured_media":0,"parent":0,"menu_order":0,"comment_status":"closed","ping_status":"closed","template":"","meta":{"footnotes":""},"class_list":["post-710","page","type-page","status-publish","hentry"],"acf":[],"_links":{"self":[{"href":"https:\/\/omsa.ca\/fr\/wp-json\/wp\/v2\/pages\/710","targetHints":{"allow":["GET"]}}],"collection":[{"href":"https:\/\/omsa.ca\/fr\/wp-json\/wp\/v2\/pages"}],"about":[{"href":"https:\/\/omsa.ca\/fr\/wp-json\/wp\/v2\/types\/page"}],"author":[{"embeddable":true,"href":"https:\/\/omsa.ca\/fr\/wp-json\/wp\/v2\/users\/4"}],"replies":[{"embeddable":true,"href":"https:\/\/omsa.ca\/fr\/wp-json\/wp\/v2\/comments?post=710"}],"version-history":[{"count":20,"href":"https:\/\/omsa.ca\/fr\/wp-json\/wp\/v2\/pages\/710\/revisions"}],"predecessor-version":[{"id":7382,"href":"https:\/\/omsa.ca\/fr\/wp-json\/wp\/v2\/pages\/710\/revisions\/7382"}],"wp:attachment":[{"href":"https:\/\/omsa.ca\/fr\/wp-json\/wp\/v2\/media?parent=710"}],"curies":[{"name":"wp","href":"https:\/\/api.w.org\/{rel}","templated":true}]}}