{"id":702,"date":"2021-03-28T13:22:20","date_gmt":"2021-03-28T13:22:20","guid":{"rendered":"https:\/\/staging.omsa.ca\/omsa-monthly-communiques\/"},"modified":"2024-04-27T23:50:59","modified_gmt":"2024-04-27T23:50:59","slug":"omsa-communique-archive","status":"publish","type":"page","link":"https:\/\/omsa.ca\/fr\/omsa-communique-archive\/","title":{"rendered":"Archives des communiqu\u00e9s de l&#039;OMSA"},"content":{"rendered":"<div data-elementor-type=\"wp-page\" data-elementor-id=\"702\" class=\"elementor elementor-702\" data-elementor-post-type=\"page\">\n\t\t\t\t<div class=\"elementor-element elementor-element-6544ad07 e-flex e-con-boxed elementor-invisible e-con e-parent\" data-id=\"6544ad07\" data-element_type=\"container\" data-settings=\"{&quot;animation&quot;:&quot;fadeIn&quot;,&quot;container_type&quot;:&quot;flex&quot;,&quot;content_width&quot;:&quot;boxed&quot;}\" data-core-v316-plus=\"true\">\n\t\t\t\t\t<div class=\"e-con-inner\">\n\t\t\t\t<div class=\"elementor-element elementor-element-b9faa23 elementor-widget elementor-widget-spacer\" data-id=\"b9faa23\" data-element_type=\"widget\" data-widget_type=\"spacer.default\">\n\t\t\t\t<div class=\"elementor-widget-container\">\n\t\t\t<style>\/*! elementor - v3.19.0 - 07-02-2024 *\/\n.elementor-column .elementor-spacer-inner{height:var(--spacer-size)}.e-con{--container-widget-width:100%}.e-con-inner>.elementor-widget-spacer,.e-con>.elementor-widget-spacer{width:var(--container-widget-width,var(--spacer-size));--align-self:var(--container-widget-align-self,initial);--flex-shrink:0}.e-con-inner>.elementor-widget-spacer>.elementor-widget-container,.e-con>.elementor-widget-spacer>.elementor-widget-container{height:100%;width:100%}.e-con-inner>.elementor-widget-spacer>.elementor-widget-container>.elementor-spacer,.e-con>.elementor-widget-spacer>.elementor-widget-container>.elementor-spacer{height:100%}.e-con-inner>.elementor-widget-spacer>.elementor-widget-container>.elementor-spacer>.elementor-spacer-inner,.e-con>.elementor-widget-spacer>.elementor-widget-container>.elementor-spacer>.elementor-spacer-inner{height:var(--container-widget-height,var(--spacer-size))}.e-con-inner>.elementor-widget-spacer.elementor-widget-empty,.e-con>.elementor-widget-spacer.elementor-widget-empty{position:relative;min-height:22px;min-width:22px}.e-con-inner>.elementor-widget-spacer.elementor-widget-empty .elementor-widget-empty-icon,.e-con>.elementor-widget-spacer.elementor-widget-empty .elementor-widget-empty-icon{position:absolute;top:0;bottom:0;left:0;right:0;margin:auto;padding:0;width:22px;height:22px}<\/style>\t\t<div class=\"elementor-spacer\">\n\t\t\t<div class=\"elementor-spacer-inner\"><\/div>\n\t\t<\/div>\n\t\t\t\t<\/div>\n\t\t\t\t<\/div>\n\t\t\t\t<div class=\"elementor-element elementor-element-e9c5cd5 elementor-widget elementor-widget-heading\" data-id=\"e9c5cd5\" data-element_type=\"widget\" data-widget_type=\"heading.default\">\n\t\t\t\t<div class=\"elementor-widget-container\">\n\t\t\t<style>\/*! elementor - v3.19.0 - 07-02-2024 *\/\n.elementor-heading-title{padding:0;margin:0;line-height:1}.elementor-widget-heading .elementor-heading-title[class*=elementor-size-]>a{color:inherit;font-size:inherit;line-height:inherit}.elementor-widget-heading .elementor-heading-title.elementor-size-small{font-size:15px}.elementor-widget-heading .elementor-heading-title.elementor-size-medium{font-size:19px}.elementor-widget-heading .elementor-heading-title.elementor-size-large{font-size:29px}.elementor-widget-heading .elementor-heading-title.elementor-size-xl{font-size:39px}.elementor-widget-heading .elementor-heading-title.elementor-size-xxl{font-size:59px}<\/style><h1 class=\"elementor-heading-title elementor-size-default\">Archives des communiqu\u00e9s de l&#039;OMSA<\/h1>\t\t<\/div>\n\t\t\t\t<\/div>\n\t\t\t\t<div class=\"elementor-element elementor-element-2003264 elementor-widget elementor-widget-text-editor\" data-id=\"2003264\" data-element_type=\"widget\" data-widget_type=\"text-editor.default\">\n\t\t\t\t<div class=\"elementor-widget-container\">\n\t\t\t<style>\/*! elementor - v3.19.0 - 07-02-2024 *\/\n.elementor-widget-text-editor.elementor-drop-cap-view-stacked .elementor-drop-cap{background-color:#69727d;color:#fff}.elementor-widget-text-editor.elementor-drop-cap-view-framed .elementor-drop-cap{color:#69727d;border:3px solid;background-color:transparent}.elementor-widget-text-editor:not(.elementor-drop-cap-view-default) .elementor-drop-cap{margin-top:8px}.elementor-widget-text-editor:not(.elementor-drop-cap-view-default) .elementor-drop-cap-letter{width:1em;height:1em}.elementor-widget-text-editor .elementor-drop-cap{float:left;text-align:center;line-height:1;font-size:50px}.elementor-widget-text-editor .elementor-drop-cap-letter{display:inline-block}<\/style>\t\t\t\t<p>Les communiqu\u00e9s de l&#039;OMSA \u00e9taient historiquement partag\u00e9s avec les \u00e9tudiants en m\u00e9decine de l&#039;Ontario pour partager de nouvelles initiatives, \u00e9v\u00e9nements, r\u00e9ductions, etc. passionnants qui ont lieu chaque mois. Ceux-ci ont \u00e9t\u00e9 interrompus, mais une archive des communiqu\u00e9s pr\u00e9c\u00e9dents se trouve ici. Pour rester au courant des nouvelles de l&#039;OMSA, veuillez consulter les comptes de m\u00e9dias sociaux et le site Web de l&#039;OMSA.\u00a0<\/p>\t\t\t\t\t\t<\/div>\n\t\t\t\t<\/div>\n\t\t\t\t<div class=\"elementor-element elementor-element-0bfafe2 elementor-widget elementor-widget-text-editor\" data-id=\"0bfafe2\" data-element_type=\"widget\" data-widget_type=\"text-editor.default\">\n\t\t\t\t<div class=\"elementor-widget-container\">\n\t\t\t\t\t\t\t<ul><li><a href=\"https:\/\/mailchi.mp\/ac2169e37a46\/omsa-communique-october-9330507\">mai 2023<\/a><\/li><li><a href=\"https:\/\/mailchi.mp\/8d7e5984b026\/omsa-communique-october-9325167\">avril 2023<\/a><\/li><li><a href=\"https:\/\/mailchi.mp\/33fb484b1c18\/omsa-communique-october-9322207\">mars 2023<\/a><\/li><li><a href=\"https:\/\/mailchi.mp\/5fa4d8354978\/omsa-communique-october-9286139\">janvier 2023<\/a><\/li><li><a href=\"https:\/\/mailchi.mp\/1652a3d532dd\/omsa-communique-october-9194659\">octobre 2022<\/a><\/li><li><a href=\"https:\/\/mailchi.mp\/1652a3d532dd\/omsa-communique-october-9194659\" target=\"_blank\" rel=\"noreferrer noopener\">mai 2022<\/a><\/li><li><a href=\"https:\/\/mailchi.mp\/92b2c094a1db\/omsa-communique-october-9194655\" target=\"_blank\" rel=\"noreferrer noopener\">avril 2022<\/a><\/li><li><a href=\"https:\/\/mailchi.mp\/292f35c55eb1\/omsa-communique-october-9194651\" target=\"_blank\" rel=\"noreferrer noopener\">mars 2022<\/a><\/li><li><a href=\"https:\/\/mailchi.mp\/b511077b6cd4\/omsa-communique-october-9194647\" target=\"_blank\" rel=\"noreferrer noopener\">F\u00e9vrier 2022<\/a><\/li><li><a href=\"https:\/\/mailchi.mp\/3763b9382073\/omsa-communique-october-8792565\" target=\"_blank\" rel=\"noreferrer noopener\">janvier 2022<\/a><\/li><li><a href=\"https:\/\/mailchi.mp\/ffb62e0c8ae3\/omsa-communique-october-8616493\" target=\"_blank\" rel=\"noreferrer noopener\">d\u00e9cembre 2021<\/a><\/li><li><a href=\"https:\/\/mailchi.mp\/33848eb48369\/omsa-communique-october-8593921\" target=\"_blank\" rel=\"noreferrer noopener\">novembre 2021<\/a><\/li><li><a href=\"http:\/\/mailchi.mp\/19fcf4affd05\/omsa-communique-october-2021\" target=\"_blank\" rel=\"noreferrer noopener\">octobre 2021<\/a><\/li><li><a href=\"http:\/\/mailchi.mp\/3359df0870bc\/omsa-communique-september-2021\" target=\"_blank\" rel=\"noreferrer noopener\">septembre 2021<\/a><\/li><li><a href=\"https:\/\/mailchi.mp\/ac3e4d46de2c\/omsa-communique-march-5026537\">Juillet et ao\u00fbt 2021<\/a><\/li><li><a href=\"https:\/\/mailchi.mp\/8d6b8610e455\/omsa-communique-march-5020301\">juin 2021<\/a><\/li><li><a href=\"https:\/\/mailchi.mp\/96cc9f8bfc93\/omsa-communique-march-5007993\">avril 2021<\/a><\/li><li><a href=\"https:\/\/mailchi.mp\/1ea9c8c7af31\/omsa-communique-march-4744226\">mars 2021<\/a><\/li><li><a href=\"https:\/\/mailchi.mp\/fe212e2e11e9\/omsa-communique-march-4732986\">F\u00e9vrier 2021<\/a><\/li><li><a href=\"https:\/\/mailchi.mp\/61630f270a7d\/omsa-communique-march-4727454\">janvier 2021<\/a><\/li><li><a href=\"https:\/\/mailchi.mp\/698e6797553b\/omsa-communique-march-3943514\">d\u00e9cembre 2020<\/a><\/li><\/ul>\t\t\t\t\t\t<\/div>\n\t\t\t\t<\/div>\n\t\t\t\t\t<\/div>\n\t\t\t\t<\/div>\n\t\t<div class=\"elementor-element elementor-element-b2b2ccd e-flex e-con-boxed e-con e-parent\" data-id=\"b2b2ccd\" data-element_type=\"container\" data-settings=\"{&quot;container_type&quot;:&quot;flex&quot;,&quot;content_width&quot;:&quot;boxed&quot;}\" data-core-v316-plus=\"true\">\n\t\t\t\t\t<div class=\"e-con-inner\">\n\t\t\t\t<div class=\"elementor-element elementor-element-ab48a79 elementor-widget elementor-widget-spacer\" data-id=\"ab48a79\" data-element_type=\"widget\" data-widget_type=\"spacer.default\">\n\t\t\t\t<div class=\"elementor-widget-container\">\n\t\t\t\t\t<div class=\"elementor-spacer\">\n\t\t\t<div class=\"elementor-spacer-inner\"><\/div>\n\t\t<\/div>\n\t\t\t\t<\/div>\n\t\t\t\t<\/div>\n\t\t\t\t\t<\/div>\n\t\t\t\t<\/div>\n\t\t\t\t<\/div>","protected":false},"excerpt":{"rendered":"<p>OMSA Communique Archive OMSA&#8217;s Communiques were historically\u00a0shared with Ontario medical students to share exciting new initiatives, events, discounts, etc. that are happening each month. These have been discontinued, but an [&hellip;]<\/p>","protected":false},"author":4,"featured_media":0,"parent":0,"menu_order":0,"comment_status":"closed","ping_status":"closed","template":"","meta":{"footnotes":""},"class_list":["post-702","page","type-page","status-publish","hentry"],"acf":[],"_links":{"self":[{"href":"https:\/\/omsa.ca\/fr\/wp-json\/wp\/v2\/pages\/702","targetHints":{"allow":["GET"]}}],"collection":[{"href":"https:\/\/omsa.ca\/fr\/wp-json\/wp\/v2\/pages"}],"about":[{"href":"https:\/\/omsa.ca\/fr\/wp-json\/wp\/v2\/types\/page"}],"author":[{"embeddable":true,"href":"https:\/\/omsa.ca\/fr\/wp-json\/wp\/v2\/users\/4"}],"replies":[{"embeddable":true,"href":"https:\/\/omsa.ca\/fr\/wp-json\/wp\/v2\/comments?post=702"}],"version-history":[{"count":9,"href":"https:\/\/omsa.ca\/fr\/wp-json\/wp\/v2\/pages\/702\/revisions"}],"predecessor-version":[{"id":5172,"href":"https:\/\/omsa.ca\/fr\/wp-json\/wp\/v2\/pages\/702\/revisions\/5172"}],"wp:attachment":[{"href":"https:\/\/omsa.ca\/fr\/wp-json\/wp\/v2\/media?parent=702"}],"curies":[{"name":"wp","href":"https:\/\/api.w.org\/{rel}","templated":true}]}}