{"id":700,"date":"2021-03-23T03:10:04","date_gmt":"2021-03-23T03:10:04","guid":{"rendered":"https:\/\/staging.omsa.ca\/td-and-omsas-financial-literacy-series-2023\/"},"modified":"2024-04-01T12:17:56","modified_gmt":"2024-04-01T12:17:56","slug":"td-and-omsas-financial-literacy-series-2023","status":"publish","type":"page","link":"https:\/\/omsa.ca\/fr\/td-and-omsas-financial-literacy-series-2023\/","title":{"rendered":"S\u00e9rie sur la litt\u00e9ratie financi\u00e8re TD et OMSA 2023"},"content":{"rendered":"<div data-elementor-type=\"wp-page\" data-elementor-id=\"700\" class=\"elementor elementor-700\" data-elementor-post-type=\"page\">\n\t\t\t\t<div class=\"elementor-element elementor-element-670b2a89 e-flex e-con-boxed elementor-invisible e-con e-parent\" data-id=\"670b2a89\" data-element_type=\"container\" data-settings=\"{&quot;animation&quot;:&quot;fadeIn&quot;,&quot;container_type&quot;:&quot;flex&quot;,&quot;content_width&quot;:&quot;boxed&quot;}\" data-core-v316-plus=\"true\">\n\t\t\t\t\t<div class=\"e-con-inner\">\n\t\t\t\t<div class=\"elementor-element elementor-element-47e943e elementor-widget elementor-widget-spacer\" data-id=\"47e943e\" data-element_type=\"widget\" data-widget_type=\"spacer.default\">\n\t\t\t\t<div class=\"elementor-widget-container\">\n\t\t\t<style>\/*! elementor - v3.19.0 - 07-02-2024 *\/\n.elementor-column .elementor-spacer-inner{height:var(--spacer-size)}.e-con{--container-widget-width:100%}.e-con-inner>.elementor-widget-spacer,.e-con>.elementor-widget-spacer{width:var(--container-widget-width,var(--spacer-size));--align-self:var(--container-widget-align-self,initial);--flex-shrink:0}.e-con-inner>.elementor-widget-spacer>.elementor-widget-container,.e-con>.elementor-widget-spacer>.elementor-widget-container{height:100%;width:100%}.e-con-inner>.elementor-widget-spacer>.elementor-widget-container>.elementor-spacer,.e-con>.elementor-widget-spacer>.elementor-widget-container>.elementor-spacer{height:100%}.e-con-inner>.elementor-widget-spacer>.elementor-widget-container>.elementor-spacer>.elementor-spacer-inner,.e-con>.elementor-widget-spacer>.elementor-widget-container>.elementor-spacer>.elementor-spacer-inner{height:var(--container-widget-height,var(--spacer-size))}.e-con-inner>.elementor-widget-spacer.elementor-widget-empty,.e-con>.elementor-widget-spacer.elementor-widget-empty{position:relative;min-height:22px;min-width:22px}.e-con-inner>.elementor-widget-spacer.elementor-widget-empty .elementor-widget-empty-icon,.e-con>.elementor-widget-spacer.elementor-widget-empty .elementor-widget-empty-icon{position:absolute;top:0;bottom:0;left:0;right:0;margin:auto;padding:0;width:22px;height:22px}<\/style>\t\t<div class=\"elementor-spacer\">\n\t\t\t<div class=\"elementor-spacer-inner\"><\/div>\n\t\t<\/div>\n\t\t\t\t<\/div>\n\t\t\t\t<\/div>\n\t\t\t\t<div class=\"elementor-element elementor-element-5524907 elementor-widget elementor-widget-heading\" data-id=\"5524907\" data-element_type=\"widget\" data-widget_type=\"heading.default\">\n\t\t\t\t<div class=\"elementor-widget-container\">\n\t\t\t<style>\/*! elementor - v3.19.0 - 07-02-2024 *\/\n.elementor-heading-title{padding:0;margin:0;line-height:1}.elementor-widget-heading .elementor-heading-title[class*=elementor-size-]>a{color:inherit;font-size:inherit;line-height:inherit}.elementor-widget-heading .elementor-heading-title.elementor-size-small{font-size:15px}.elementor-widget-heading .elementor-heading-title.elementor-size-medium{font-size:19px}.elementor-widget-heading .elementor-heading-title.elementor-size-large{font-size:29px}.elementor-widget-heading .elementor-heading-title.elementor-size-xl{font-size:39px}.elementor-widget-heading .elementor-heading-title.elementor-size-xxl{font-size:59px}<\/style><h1 class=\"elementor-heading-title elementor-size-default\">S\u00e9rie sur la litt\u00e9ratie financi\u00e8re TD et OMSA 2023\n<\/h1>\t\t<\/div>\n\t\t\t\t<\/div>\n\t\t<div class=\"elementor-element elementor-element-efea375 e-grid e-con-boxed elementor-invisible e-con e-child\" data-id=\"efea375\" data-element_type=\"container\" data-settings=\"{&quot;container_type&quot;:&quot;grid&quot;,&quot;grid_columns_grid&quot;:{&quot;unit&quot;:&quot;fr&quot;,&quot;size&quot;:2,&quot;sizes&quot;:[]},&quot;grid_rows_grid&quot;:{&quot;unit&quot;:&quot;fr&quot;,&quot;size&quot;:1,&quot;sizes&quot;:[]},&quot;animation&quot;:&quot;fadeIn&quot;,&quot;content_width&quot;:&quot;boxed&quot;,&quot;grid_outline&quot;:&quot;yes&quot;,&quot;grid_columns_grid_tablet&quot;:{&quot;unit&quot;:&quot;fr&quot;,&quot;size&quot;:&quot;&quot;,&quot;sizes&quot;:[]},&quot;grid_columns_grid_mobile&quot;:{&quot;unit&quot;:&quot;fr&quot;,&quot;size&quot;:1,&quot;sizes&quot;:[]},&quot;grid_rows_grid_tablet&quot;:{&quot;unit&quot;:&quot;fr&quot;,&quot;size&quot;:&quot;&quot;,&quot;sizes&quot;:[]},&quot;grid_rows_grid_mobile&quot;:{&quot;unit&quot;:&quot;fr&quot;,&quot;size&quot;:&quot;&quot;,&quot;sizes&quot;:[]},&quot;grid_auto_flow&quot;:&quot;row&quot;,&quot;grid_auto_flow_tablet&quot;:&quot;row&quot;,&quot;grid_auto_flow_mobile&quot;:&quot;row&quot;}\">\n\t\t\t\t\t<div class=\"e-con-inner\">\n\t\t\t\t<div class=\"elementor-element elementor-element-4edb818 elementor-widget elementor-widget-image\" data-id=\"4edb818\" data-element_type=\"widget\" data-widget_type=\"image.default\">\n\t\t\t\t<div class=\"elementor-widget-container\">\n\t\t\t<style>\/*! elementor - v3.19.0 - 07-02-2024 *\/\n.elementor-widget-image{text-align:center}.elementor-widget-image a{display:inline-block}.elementor-widget-image a img[src$=\".svg\"]{width:48px}.elementor-widget-image img{vertical-align:middle;display:inline-block}<\/style>\t\t\t\t\t\t\t\t\t\t<img fetchpriority=\"high\" decoding=\"async\" width=\"794\" height=\"1024\" src=\"https:\/\/omsa.ca\/wp-content\/uploads\/2024\/02\/TD-Financial-literacy-1.png\" class=\"attachment-large size-large wp-image-1534\" alt=\"\" srcset=\"https:\/\/omsa.ca\/wp-content\/uploads\/2024\/02\/TD-Financial-literacy-1.png 816w, https:\/\/omsa.ca\/wp-content\/uploads\/2024\/02\/TD-Financial-literacy-1-600x774.png 600w\" sizes=\"(max-width: 794px) 100vw, 794px\" \/>\t\t\t\t\t\t\t\t\t\t\t\t\t<\/div>\n\t\t\t\t<\/div>\n\t\t\t\t<div class=\"elementor-element elementor-element-82efa2d elementor-widget elementor-widget-image\" data-id=\"82efa2d\" data-element_type=\"widget\" data-widget_type=\"image.default\">\n\t\t\t\t<div class=\"elementor-widget-container\">\n\t\t\t\t\t\t\t\t\t\t\t\t\t<img decoding=\"async\" width=\"794\" height=\"1024\" src=\"https:\/\/omsa.ca\/wp-content\/uploads\/2024\/02\/TD-financial-literacy-2.png\" class=\"attachment-large size-large wp-image-1535\" alt=\"\" srcset=\"https:\/\/omsa.ca\/wp-content\/uploads\/2024\/02\/TD-financial-literacy-2.png 814w, https:\/\/omsa.ca\/wp-content\/uploads\/2024\/02\/TD-financial-literacy-2-600x774.png 600w\" sizes=\"(max-width: 794px) 100vw, 794px\" \/>\t\t\t\t\t\t\t\t\t\t\t\t\t<\/div>\n\t\t\t\t<\/div>\n\t\t\t\t\t<\/div>\n\t\t\t\t<\/div>\n\t\t\t\t<div class=\"elementor-element elementor-element-2685c1e elementor-invisible elementor-widget elementor-widget-text-editor\" data-id=\"2685c1e\" data-element_type=\"widget\" data-settings=\"{&quot;_animation&quot;:&quot;fadeIn&quot;}\" data-widget_type=\"text-editor.default\">\n\t\t\t\t<div class=\"elementor-widget-container\">\n\t\t\t<style>\/*! elementor - v3.19.0 - 07-02-2024 *\/\n.elementor-widget-text-editor.elementor-drop-cap-view-stacked .elementor-drop-cap{background-color:#69727d;color:#fff}.elementor-widget-text-editor.elementor-drop-cap-view-framed .elementor-drop-cap{color:#69727d;border:3px solid;background-color:transparent}.elementor-widget-text-editor:not(.elementor-drop-cap-view-default) .elementor-drop-cap{margin-top:8px}.elementor-widget-text-editor:not(.elementor-drop-cap-view-default) .elementor-drop-cap-letter{width:1em;height:1em}.elementor-widget-text-editor .elementor-drop-cap{float:left;text-align:center;line-height:1;font-size:50px}.elementor-widget-text-editor .elementor-drop-cap-letter{display:inline-block}<\/style>\t\t\t\t<p style=\"text-align: left;\">L\u2019Association des \u00e9tudiants en m\u00e9decine de l\u2019Ontario reconna\u00eet que la litt\u00e9ratie financi\u00e8re est une comp\u00e9tence importante que les futurs m\u00e9decins doivent acqu\u00e9rir et comprend que les possibilit\u00e9s offertes aux \u00e9tudiants en m\u00e9decine d\u2019acqu\u00e9rir ces comp\u00e9tences dans les programmes d\u2019\u00e9tudes sont limit\u00e9es. Pour vous aider \u00e0 concilier cela, nous nous sommes associ\u00e9s \u00e0 la TD pour offrir 3 ateliers d&#039;une heure pour couvrir les bases de la compr\u00e9hension de la gestion des dettes et de la planification de votre avenir.&nbsp;<\/p><p style=\"text-align: left;\"><br><\/p>\n<p style=\"text-align: left;\">Les trois s\u00e9ances seront les suivantes :<\/p>\n<p>1.&nbsp;<span style=\"font-weight: bolder;\">Mardi 28 f\u00e9vrier de 17h00 \u00e0 18h00 :<\/span>&nbsp;Comprendre vos pr\u00eats et remboursements pour vos \u00e9coles de m\u00e9decine + Introduction \u00e0 la gestion de l&#039;argent (budg\u00e9tisation, cr\u00e9dit, \u00e9pargne)<br>2.&nbsp;<span style=\"font-weight: bolder;\">Mardi 21 mars de 17h00 \u00e0 18h00 :<\/span>&nbsp;Introduction \u00e0 la planification financi\u00e8re \u2013 Ce que vous devez savoir lors de votre transition vers la r\u00e9sidence et la pratique&nbsp;<br>3.&nbsp;<span style=\"font-weight: bolder;\">Mardi 28 mars de 17h00 \u00e0 18h00 :<\/span>&nbsp;Comment faire fructifier mon argent en tant qu&#039;investisseur DIY&nbsp;<\/p>\t\t\t\t\t\t<\/div>\n\t\t\t\t<\/div>\n\t\t\t\t<div class=\"elementor-element elementor-element-62fd441 elementor-align-center elementor-invisible elementor-widget elementor-widget-button\" data-id=\"62fd441\" data-element_type=\"widget\" data-settings=\"{&quot;_animation&quot;:&quot;fadeIn&quot;}\" data-widget_type=\"button.default\">\n\t\t\t\t<div class=\"elementor-widget-container\">\n\t\t\t\t\t<div class=\"elementor-button-wrapper\">\n\t\t\t<a class=\"elementor-button elementor-button-link elementor-size-sm elementor-animation-grow-rotate\" href=\"https:\/\/us06web.zoom.us\/j\/87536870528?pwd=RitWZFZzR0tQUUFYUkRMWTZmTkJmQT09%20\" target=\"_blank\">\n\t\t\t\t\t\t<span class=\"elementor-button-content-wrapper\">\n\t\t\t\t\t\t<span class=\"elementor-button-text\">REJOIGNEZ LA R\u00c9UNION ZOOM<\/span>\n\t\t<\/span>\n\t\t\t\t\t<\/a>\n\t\t<\/div>\n\t\t\t\t<\/div>\n\t\t\t\t<\/div>\n\t\t\t\t\t<\/div>\n\t\t\t\t<\/div>\n\t\t<div class=\"elementor-element elementor-element-e585e09 e-flex e-con-boxed elementor-invisible e-con e-parent\" data-id=\"e585e09\" data-element_type=\"container\" data-settings=\"{&quot;animation&quot;:&quot;fadeIn&quot;,&quot;container_type&quot;:&quot;flex&quot;,&quot;content_width&quot;:&quot;boxed&quot;}\" data-core-v316-plus=\"true\">\n\t\t\t\t\t<div class=\"e-con-inner\">\n\t\t\t\t<div class=\"elementor-element elementor-element-597cbbe elementor-headline--style-highlight elementor-widget elementor-widget-animated-headline\" data-id=\"597cbbe\" data-element_type=\"widget\" data-settings=\"{&quot;marker&quot;:&quot;underline_zigzag&quot;,&quot;highlighted_text&quot;:&quot;two $125 Amazon Gift Cards&quot;,&quot;headline_style&quot;:&quot;highlight&quot;,&quot;loop&quot;:&quot;yes&quot;,&quot;highlight_animation_duration&quot;:1200,&quot;highlight_iteration_delay&quot;:8000}\" data-widget_type=\"animated-headline.default\">\n\t\t\t\t<div class=\"elementor-widget-container\">\n\t\t\t<link rel=\"stylesheet\" href=\"https:\/\/omsa.ca\/wp-content\/plugins\/elementor-pro\/assets\/css\/widget-animated-headline.min.css\">\t\t<p class=\"elementor-headline\">\n\t\t\t\t\t<span class=\"elementor-headline-plain-text elementor-headline-text-wrapper\">A chaque \u00e9v\u00e9nement, il y aura <\/span>\n\t\t\t\t<span class=\"elementor-headline-dynamic-wrapper elementor-headline-text-wrapper\">\n\t\t\t\t\t<span class=\"elementor-headline-dynamic-text elementor-headline-text-active\">deux cartes-cadeaux Amazon $125<\/span>\n\t\t\t\t<\/span>\n\t\t\t\t\t<span class=\"elementor-headline-plain-text elementor-headline-text-wrapper\">\u00e0 gagner pour inciter davantage \u00e0 venir apprendre\u00a0!<\/span>\n\t\t\t\t\t<\/p>\n\t\t\t\t<\/div>\n\t\t\t\t<\/div>\n\t\t\t\t\t<\/div>\n\t\t\t\t<\/div>\n\t\t<div class=\"elementor-element elementor-element-ec3e703 e-flex e-con-boxed elementor-invisible e-con e-parent\" data-id=\"ec3e703\" data-element_type=\"container\" data-settings=\"{&quot;animation&quot;:&quot;fadeIn&quot;,&quot;container_type&quot;:&quot;flex&quot;,&quot;content_width&quot;:&quot;boxed&quot;}\" data-core-v316-plus=\"true\">\n\t\t\t\t\t<div class=\"e-con-inner\">\n\t\t\t\t<div class=\"elementor-element elementor-element-0b3cd74 elementor-widget elementor-widget-text-editor\" data-id=\"0b3cd74\" data-element_type=\"widget\" data-widget_type=\"text-editor.default\">\n\t\t\t\t<div class=\"elementor-widget-container\">\n\t\t\t\t\t\t\t<p>Si vous avez des questions, veuillez contacter le vice-pr\u00e9sident des finances d&#039;OMSA au\u00a0<a style=\"background-color: #ffffff;\" href=\"mailto:finance@omsa.ca\">finance@omsa.ca<\/a>.<\/p>\t\t\t\t\t\t<\/div>\n\t\t\t\t<\/div>\n\t\t\t\t\t<\/div>\n\t\t\t\t<\/div>\n\t\t<div class=\"elementor-element elementor-element-353168d e-flex e-con-boxed e-con e-parent\" data-id=\"353168d\" data-element_type=\"container\" data-settings=\"{&quot;container_type&quot;:&quot;flex&quot;,&quot;content_width&quot;:&quot;boxed&quot;}\" data-core-v316-plus=\"true\">\n\t\t\t\t\t<div class=\"e-con-inner\">\n\t\t\t\t<div class=\"elementor-element elementor-element-2420cb6 elementor-widget elementor-widget-spacer\" data-id=\"2420cb6\" data-element_type=\"widget\" data-widget_type=\"spacer.default\">\n\t\t\t\t<div class=\"elementor-widget-container\">\n\t\t\t\t\t<div class=\"elementor-spacer\">\n\t\t\t<div class=\"elementor-spacer-inner\"><\/div>\n\t\t<\/div>\n\t\t\t\t<\/div>\n\t\t\t\t<\/div>\n\t\t\t\t\t<\/div>\n\t\t\t\t<\/div>\n\t\t\t\t<\/div>","protected":false},"excerpt":{"rendered":"<p>TD and OMSA&#8217;s Financial Literacy Series 2023 The Ontario Medical Student Association recognizes that financial literacy is an important skill for future physicians to learn and understands that there is [&hellip;]<\/p>","protected":false},"author":4,"featured_media":0,"parent":0,"menu_order":0,"comment_status":"closed","ping_status":"closed","template":"","meta":{"footnotes":""},"class_list":["post-700","page","type-page","status-publish","hentry"],"acf":[],"_links":{"self":[{"href":"https:\/\/omsa.ca\/fr\/wp-json\/wp\/v2\/pages\/700","targetHints":{"allow":["GET"]}}],"collection":[{"href":"https:\/\/omsa.ca\/fr\/wp-json\/wp\/v2\/pages"}],"about":[{"href":"https:\/\/omsa.ca\/fr\/wp-json\/wp\/v2\/types\/page"}],"author":[{"embeddable":true,"href":"https:\/\/omsa.ca\/fr\/wp-json\/wp\/v2\/users\/4"}],"replies":[{"embeddable":true,"href":"https:\/\/omsa.ca\/fr\/wp-json\/wp\/v2\/comments?post=700"}],"version-history":[{"count":42,"href":"https:\/\/omsa.ca\/fr\/wp-json\/wp\/v2\/pages\/700\/revisions"}],"predecessor-version":[{"id":3358,"href":"https:\/\/omsa.ca\/fr\/wp-json\/wp\/v2\/pages\/700\/revisions\/3358"}],"wp:attachment":[{"href":"https:\/\/omsa.ca\/fr\/wp-json\/wp\/v2\/media?parent=700"}],"curies":[{"name":"wp","href":"https:\/\/api.w.org\/{rel}","templated":true}]}}