{"id":696,"date":"2020-11-17T22:47:12","date_gmt":"2020-11-17T22:47:12","guid":{"rendered":"https:\/\/staging.omsa.ca\/oma-insurance\/"},"modified":"2024-04-16T22:21:35","modified_gmt":"2024-04-16T22:21:35","slug":"oma-insurance","status":"publish","type":"page","link":"https:\/\/omsa.ca\/fr\/oma-insurance\/","title":{"rendered":"OMA Assurance"},"content":{"rendered":"<div data-elementor-type=\"wp-page\" data-elementor-id=\"696\" class=\"elementor elementor-696\" data-elementor-post-type=\"page\">\n\t\t\t\t<div class=\"elementor-element elementor-element-2fa18746 e-flex e-con-boxed elementor-invisible e-con e-parent\" data-id=\"2fa18746\" data-element_type=\"container\" data-settings=\"{&quot;animation&quot;:&quot;fadeIn&quot;,&quot;container_type&quot;:&quot;flex&quot;,&quot;content_width&quot;:&quot;boxed&quot;}\" data-core-v316-plus=\"true\">\n\t\t\t\t\t<div class=\"e-con-inner\">\n\t\t\t\t<div class=\"elementor-element elementor-element-2794118 elementor-widget elementor-widget-spacer\" data-id=\"2794118\" data-element_type=\"widget\" data-widget_type=\"spacer.default\">\n\t\t\t\t<div class=\"elementor-widget-container\">\n\t\t\t<style>\/*! elementor - v3.19.0 - 07-02-2024 *\/\n.elementor-column .elementor-spacer-inner{height:var(--spacer-size)}.e-con{--container-widget-width:100%}.e-con-inner>.elementor-widget-spacer,.e-con>.elementor-widget-spacer{width:var(--container-widget-width,var(--spacer-size));--align-self:var(--container-widget-align-self,initial);--flex-shrink:0}.e-con-inner>.elementor-widget-spacer>.elementor-widget-container,.e-con>.elementor-widget-spacer>.elementor-widget-container{height:100%;width:100%}.e-con-inner>.elementor-widget-spacer>.elementor-widget-container>.elementor-spacer,.e-con>.elementor-widget-spacer>.elementor-widget-container>.elementor-spacer{height:100%}.e-con-inner>.elementor-widget-spacer>.elementor-widget-container>.elementor-spacer>.elementor-spacer-inner,.e-con>.elementor-widget-spacer>.elementor-widget-container>.elementor-spacer>.elementor-spacer-inner{height:var(--container-widget-height,var(--spacer-size))}.e-con-inner>.elementor-widget-spacer.elementor-widget-empty,.e-con>.elementor-widget-spacer.elementor-widget-empty{position:relative;min-height:22px;min-width:22px}.e-con-inner>.elementor-widget-spacer.elementor-widget-empty .elementor-widget-empty-icon,.e-con>.elementor-widget-spacer.elementor-widget-empty .elementor-widget-empty-icon{position:absolute;top:0;bottom:0;left:0;right:0;margin:auto;padding:0;width:22px;height:22px}<\/style>\t\t<div class=\"elementor-spacer\">\n\t\t\t<div class=\"elementor-spacer-inner\"><\/div>\n\t\t<\/div>\n\t\t\t\t<\/div>\n\t\t\t\t<\/div>\n\t\t\t\t<div class=\"elementor-element elementor-element-322d6fbb elementor-widget elementor-widget-text-editor\" data-id=\"322d6fbb\" data-element_type=\"widget\" data-widget_type=\"text-editor.default\">\n\t\t\t\t<div class=\"elementor-widget-container\">\n\t\t\t<style>\/*! elementor - v3.19.0 - 07-02-2024 *\/\n.elementor-widget-text-editor.elementor-drop-cap-view-stacked .elementor-drop-cap{background-color:#69727d;color:#fff}.elementor-widget-text-editor.elementor-drop-cap-view-framed .elementor-drop-cap{color:#69727d;border:3px solid;background-color:transparent}.elementor-widget-text-editor:not(.elementor-drop-cap-view-default) .elementor-drop-cap{margin-top:8px}.elementor-widget-text-editor:not(.elementor-drop-cap-view-default) .elementor-drop-cap-letter{width:1em;height:1em}.elementor-widget-text-editor .elementor-drop-cap{float:left;text-align:center;line-height:1;font-size:50px}.elementor-widget-text-editor .elementor-drop-cap-letter{display:inline-block}<\/style>\t\t\t\t<p><img decoding=\"async\" src=\"https:\/\/omsa.ca\/sites\/default\/files\/media\/omai_logo.jpg\" alt=\"\" data-wp-editing=\"1\" \/><\/p><h2><span style=\"font-size: 16px;\"><strong>Services d&#039;assurance OMA (OMA)<\/strong><\/span><\/h2><p><span style=\"font-size: 14px;\">OMA Insurance s&#039;est associ\u00e9e \u00e0 l&#039;OMSA pour offrir aux \u00e9tudiants en m\u00e9decine un acc\u00e8s \u00e0 une \u00e9ducation objective, des conseils et des ressources sur le bien-\u00eatre financier.<\/span><\/p><p><span style=\"font-size: 14px;\"><a href=\"https:\/\/youtu.be\/GvitPqeMXzw\">Montre<\/a>\u00a0ce que disent les anciens dirigeants de l&#039;OMSA sur l&#039;importance de l&#039;assurance.<\/span><\/p><p><span style=\"font-size: 14px;\">Profitez du\u00a0<a href=\"https:\/\/www.omainsurance.com\/products\/pages\/essentials\/essentials-for-students\/\" target=\"_blank\" rel=\"noreferrer noopener\">Offre vie \u00e9tudiante et invalidit\u00e9 d\u2019OMA Insurance<\/a>; un plan personnalis\u00e9 offrant une protection financi\u00e8re pour votre marge de cr\u00e9dit (l&#039;investissement que vous faites dans votre avenir et votre atout le plus pr\u00e9cieux : votre capacit\u00e9 de gagner un revenu et de le rembourser).<\/span><\/p><p><span style=\"font-size: 14px;\">L&#039;Offre comprend :<\/span><\/p><ul><li><p><span style=\"font-size: 14px;\"><strong>Couverture d&#039;invalidit\u00e9 qui vous verse un revenu mensuel non imposable si vous tombez malade ou si vous vous blessez pendant vos \u00e9tudes de m\u00e9decine\u00a0:<\/strong><\/span><\/p><ul><li><span style=\"font-size: 14px;\">$2 000 par mois les ann\u00e9es 1 et 2,<\/span><\/li><li><span style=\"font-size: 14px;\">$3 000 par mois en ann\u00e9e 3,<\/span><\/li><li><span style=\"font-size: 14px;\">$4 500 par mois en derni\u00e8re ann\u00e9e,<\/span><\/li><\/ul><\/li><li><span style=\"font-size: 14px;\">Les \u00e9tudiants de McMaster sont admissibles \u00e0 $3 000 de couverture d&#039;invalidit\u00e9 au cours de la deuxi\u00e8me ann\u00e9e d&#039;\u00e9tudes et \u00e0 $4 500 de couverture au cours de la troisi\u00e8me ann\u00e9e d&#039;\u00e9tudes.<\/span><\/li><li><span style=\"font-size: 14px;\">La prime d&#039;invalidit\u00e9 mensuelle pour Essentials for Students est \u00e0 peu pr\u00e8s le m\u00eame prix qu&#039;un petit-d\u00e9jeuner par mois.<\/span><\/li><li><span style=\"font-size: 14px;\"><strong>$200 000 assurance vie gratuite,<\/strong><\/span><\/li><li><span style=\"font-size: 14px;\">Pas de tests m\u00e9dicaux ni de questions de sant\u00e9 pour les \u00e9tudiants en m\u00e9decine de premi\u00e8re ann\u00e9e. Souscription simplifi\u00e9e pour les \u00e9tudiants de 2e, 3e et 4e ann\u00e9es.<\/span><\/li><li><span style=\"font-size: 14px;\">Aucune obligation.<\/span><\/li><\/ul><p><span style=\"font-size: 14px;\"><strong>Soyez couvert aujourd&#039;hui<\/strong>\u00a0en remplissant une demande en ligne de cinq minutes.<br \/><strong>Premi\u00e8re ann\u00e9e:\u00a0<\/strong><a href=\"https:\/\/www.omainsurance.com\/uploadedfiles\/insurance\/products\/product-documents\/essentials-for-students-enrolment-form-first-year.pdf\" target=\"_blank\" rel=\"noreferrer noopener\"><strong>T\u00e9l\u00e9charger la demande<\/strong><\/a><br \/><strong>Hormis la premi\u00e8re ann\u00e9e\u00a0:\u00a0<\/strong><a href=\"https:\/\/www.omainsurance.com\/uploadedfiles\/insurance\/products\/product-documents\/essentials-for-students-other-than-year-one.pdf\" target=\"_blank\" rel=\"noreferrer noopener\"><strong>T\u00e9l\u00e9charger la demande<\/strong><\/a><\/span><\/p><p><span style=\"font-size: 14px;\"><strong>Avantages R\u00e9gime de retraite<\/strong><\/span><\/p><p><span style=\"font-size: 14px;\">Participer \u00e0 la\u00a0<a href=\"https:\/\/www.omainsurance.com\/products\/pages\/advantages-retirement-plan\/\">R\u00e9gime de retraite Avantages OMA<sup>MT<\/sup><\/a>\u00a0pour commencer \u00e0 \u00e9pargner au moyen d\u2019un compte d\u2019\u00e9pargne libre d\u2019imp\u00f4t ou d\u2019un r\u00e9gime enregistr\u00e9 d\u2019\u00e9pargne-retraite. Pour participer au plan, vous pouvez commencer \u00e0 \u00e9conomiser avec aussi peu que $50 par mois et sans frais mensuels pendant 12 mois.<\/span><\/p><p><span style=\"font-size: 14px;\">Connectez-vous avec votre sp\u00e9cialiste de l\u2019\u00e9ducation et de l\u2019engagement OMAI pour en savoir plus\u00a0:<\/span><\/p><table border=\"0\" cellspacing=\"0\" cellpadding=\"0\"><tbody><tr><td style=\"width: 293px;\"><p><a href=\"mailto:jaleesa.walker@oma.org\"><span style=\"font-size: 14px;\">Jessa Walker<\/span><\/a><\/p><p><span style=\"font-size: 14px; font-weight: bolder; text-align: var(--text-align); font-family: var( --e-global-typography-text-font-family ), Sans-serif; letter-spacing: var( --e-global-typography-text-letter-spacing ); text-transform: var( --e-global-typography-text-text-transform ); word-spacing: var( --e-global-typography-text-word-spacing );\">\u00c9cole de m\u00e9decine du Nord<\/span><\/p><p><strong style=\"font-size: 14px; text-align: var(--text-align); font-family: var( --e-global-typography-text-font-family ), Sans-serif; letter-spacing: var( --e-global-typography-text-letter-spacing ); text-transform: var( --e-global-typography-text-text-transform ); word-spacing: var( --e-global-typography-text-word-spacing );\">Universit\u00e9 Western<\/strong><\/p><\/td><td style=\"width: 293px;\"><p><span style=\"font-size: 14px;\"><a href=\"mailto:Shawnee.Balfour@oma.org?subject=Essentials For Students Offer\">Shawnee Balfour<\/a><\/span><\/p><p><span style=\"text-align: var(--text-align); font-size: 14px;\"><b>Universit\u00e9 Queen&#039;s<\/b><\/span><\/p><p><span style=\"text-align: var(--text-align); font-size: 14px;\"><b>Universit\u00e9 de Toronto<\/b><\/span><\/p><\/td><td style=\"width: 321px;\"><p><span style=\"font-size: 14px;\"><a href=\"mailto:moneet.mann@oma.org?subject=Essentails For Students Offer\">Monet Mann<\/a><\/span><\/p><p><span style=\"font-size: 14px;\"><strong>Universit\u00e9 McMaster<\/strong><\/span><\/p><p><span style=\"text-align: var(--text-align); font-size: 14px;\"><b>Universit\u00e9 d&#039;Ottawa<\/b><\/span><\/p><\/td><\/tr><\/tbody><\/table><ul><li><span style=\"font-size: 14px;\"><a href=\"https:\/\/www.omainsurance.com\/explore-our-products\/protect-your-lifestyle\/life-insurance\/\" target=\"_blank\" rel=\"noreferrer noopener\">assurance-vie<\/a>\u00a0<\/span><\/li><li><span style=\"font-size: 14px;\"><a href=\"https:\/\/www.omainsurance.com\/explore-our-products\/protect-your-assets\/auto-insurance\/\" target=\"_blank\" rel=\"noreferrer noopener\">assurance automobile<\/a>\u00a0<\/span><\/li><li><span style=\"font-size: 14px;\"><a href=\"https:\/\/www.omainsurance.com\/explore-our-products\/protect-your-assets\/home-insurance\/\" target=\"_blank\" rel=\"noreferrer noopener\">assurance habitation\/locataire<\/a>\u00a0<\/span><\/li><li><span style=\"font-size: 14px;\"><a href=\"https:\/\/www.omainsurance.com\/explore-our-products\/protect-your-lifestyle\/critical-illness\/\" target=\"_blank\" rel=\"noreferrer noopener\">assurance maladies graves<\/a>\u00a0<\/span><\/li><\/ul>\t\t\t\t\t\t<\/div>\n\t\t\t\t<\/div>\n\t\t\t\t<div class=\"elementor-element elementor-element-b7acb32 elementor-widget elementor-widget-spacer\" data-id=\"b7acb32\" data-element_type=\"widget\" data-widget_type=\"spacer.default\">\n\t\t\t\t<div class=\"elementor-widget-container\">\n\t\t\t\t\t<div class=\"elementor-spacer\">\n\t\t\t<div class=\"elementor-spacer-inner\"><\/div>\n\t\t<\/div>\n\t\t\t\t<\/div>\n\t\t\t\t<\/div>\n\t\t\t\t\t<\/div>\n\t\t\t\t<\/div>\n\t\t\t\t<\/div>","protected":false},"excerpt":{"rendered":"<p>OMA Insurance Services (OMA) OMA Insurance has partnered with OMSA to provide medical students with access to objective education, advice, and resources about financial wellness. Watch\u00a0what OMSA\u2019s past executives say [&hellip;]<\/p>","protected":false},"author":4,"featured_media":0,"parent":0,"menu_order":0,"comment_status":"closed","ping_status":"closed","template":"","meta":{"footnotes":""},"class_list":["post-696","page","type-page","status-publish","hentry"],"acf":[],"_links":{"self":[{"href":"https:\/\/omsa.ca\/fr\/wp-json\/wp\/v2\/pages\/696","targetHints":{"allow":["GET"]}}],"collection":[{"href":"https:\/\/omsa.ca\/fr\/wp-json\/wp\/v2\/pages"}],"about":[{"href":"https:\/\/omsa.ca\/fr\/wp-json\/wp\/v2\/types\/page"}],"author":[{"embeddable":true,"href":"https:\/\/omsa.ca\/fr\/wp-json\/wp\/v2\/users\/4"}],"replies":[{"embeddable":true,"href":"https:\/\/omsa.ca\/fr\/wp-json\/wp\/v2\/comments?post=696"}],"version-history":[{"count":15,"href":"https:\/\/omsa.ca\/fr\/wp-json\/wp\/v2\/pages\/696\/revisions"}],"predecessor-version":[{"id":4251,"href":"https:\/\/omsa.ca\/fr\/wp-json\/wp\/v2\/pages\/696\/revisions\/4251"}],"wp:attachment":[{"href":"https:\/\/omsa.ca\/fr\/wp-json\/wp\/v2\/media?parent=696"}],"curies":[{"name":"wp","href":"https:\/\/api.w.org\/{rel}","templated":true}]}}