{"id":686,"date":"2020-07-21T18:18:46","date_gmt":"2020-07-21T18:18:46","guid":{"rendered":"https:\/\/staging.omsa.ca\/stethoscope-sale\/"},"modified":"2024-08-21T21:06:48","modified_gmt":"2024-08-21T21:06:48","slug":"stethoscope-sale","status":"publish","type":"page","link":"https:\/\/omsa.ca\/fr\/stethoscope-sale\/","title":{"rendered":"St\u00e9thoscope Vente"},"content":{"rendered":"<div data-elementor-type=\"wp-page\" data-elementor-id=\"686\" class=\"elementor elementor-686\" data-elementor-post-type=\"page\">\n\t\t\t\t<div class=\"elementor-element elementor-element-6d6eedd1 e-flex e-con-boxed e-con e-parent\" data-id=\"6d6eedd1\" data-element_type=\"container\" data-settings=\"{&quot;container_type&quot;:&quot;flex&quot;,&quot;content_width&quot;:&quot;boxed&quot;}\" data-core-v316-plus=\"true\">\n\t\t\t\t\t<div class=\"e-con-inner\">\n\t\t\t\t<div class=\"elementor-element elementor-element-0aec0ca elementor-widget elementor-widget-spacer\" data-id=\"0aec0ca\" data-element_type=\"widget\" data-widget_type=\"spacer.default\">\n\t\t\t\t<div class=\"elementor-widget-container\">\n\t\t\t<style>\/*! elementor - v3.19.0 - 07-02-2024 *\/\n.elementor-column .elementor-spacer-inner{height:var(--spacer-size)}.e-con{--container-widget-width:100%}.e-con-inner>.elementor-widget-spacer,.e-con>.elementor-widget-spacer{width:var(--container-widget-width,var(--spacer-size));--align-self:var(--container-widget-align-self,initial);--flex-shrink:0}.e-con-inner>.elementor-widget-spacer>.elementor-widget-container,.e-con>.elementor-widget-spacer>.elementor-widget-container{height:100%;width:100%}.e-con-inner>.elementor-widget-spacer>.elementor-widget-container>.elementor-spacer,.e-con>.elementor-widget-spacer>.elementor-widget-container>.elementor-spacer{height:100%}.e-con-inner>.elementor-widget-spacer>.elementor-widget-container>.elementor-spacer>.elementor-spacer-inner,.e-con>.elementor-widget-spacer>.elementor-widget-container>.elementor-spacer>.elementor-spacer-inner{height:var(--container-widget-height,var(--spacer-size))}.e-con-inner>.elementor-widget-spacer.elementor-widget-empty,.e-con>.elementor-widget-spacer.elementor-widget-empty{position:relative;min-height:22px;min-width:22px}.e-con-inner>.elementor-widget-spacer.elementor-widget-empty .elementor-widget-empty-icon,.e-con>.elementor-widget-spacer.elementor-widget-empty .elementor-widget-empty-icon{position:absolute;top:0;bottom:0;left:0;right:0;margin:auto;padding:0;width:22px;height:22px}<\/style>\t\t<div class=\"elementor-spacer\">\n\t\t\t<div class=\"elementor-spacer-inner\"><\/div>\n\t\t<\/div>\n\t\t\t\t<\/div>\n\t\t\t\t<\/div>\n\t\t\t\t<div class=\"elementor-element elementor-element-0c4bfe4 elementor-widget elementor-widget-heading\" data-id=\"0c4bfe4\" data-element_type=\"widget\" data-widget_type=\"heading.default\">\n\t\t\t\t<div class=\"elementor-widget-container\">\n\t\t\t<style>\/*! elementor - v3.19.0 - 07-02-2024 *\/\n.elementor-heading-title{padding:0;margin:0;line-height:1}.elementor-widget-heading .elementor-heading-title[class*=elementor-size-]>a{color:inherit;font-size:inherit;line-height:inherit}.elementor-widget-heading .elementor-heading-title.elementor-size-small{font-size:15px}.elementor-widget-heading .elementor-heading-title.elementor-size-medium{font-size:19px}.elementor-widget-heading .elementor-heading-title.elementor-size-large{font-size:29px}.elementor-widget-heading .elementor-heading-title.elementor-size-xl{font-size:39px}.elementor-widget-heading .elementor-heading-title.elementor-size-xxl{font-size:59px}<\/style><h1 class=\"elementor-heading-title elementor-size-default\">St\u00e9thoscope Vente<\/h1>\t\t<\/div>\n\t\t\t\t<\/div>\n\t\t\t\t<div class=\"elementor-element elementor-element-6ea8b09b elementor-widget elementor-widget-text-editor\" data-id=\"6ea8b09b\" data-element_type=\"widget\" data-widget_type=\"text-editor.default\">\n\t\t\t\t<div class=\"elementor-widget-container\">\n\t\t\t<style>\/*! elementor - v3.19.0 - 07-02-2024 *\/\n.elementor-widget-text-editor.elementor-drop-cap-view-stacked .elementor-drop-cap{background-color:#69727d;color:#fff}.elementor-widget-text-editor.elementor-drop-cap-view-framed .elementor-drop-cap{color:#69727d;border:3px solid;background-color:transparent}.elementor-widget-text-editor:not(.elementor-drop-cap-view-default) .elementor-drop-cap{margin-top:8px}.elementor-widget-text-editor:not(.elementor-drop-cap-view-default) .elementor-drop-cap-letter{width:1em;height:1em}.elementor-widget-text-editor .elementor-drop-cap{float:left;text-align:center;line-height:1;font-size:50px}.elementor-widget-text-editor .elementor-drop-cap-letter{display:inline-block}<\/style>\t\t\t\t<p align=\"center\"><img fetchpriority=\"high\" decoding=\"async\" class=\"alignnone wp-image-6604 size-medium\" src=\"https:\/\/omsa.ca\/wp-content\/uploads\/2024\/08\/Canada-offer-24-OMSA-VP-Finance-300x300.png\" alt=\"OMSA Student offer $20 OFF LITTMANN STETHOSCOPES USE CODE &quot;OMSA20&quot;\" width=\"300\" height=\"300\" srcset=\"https:\/\/omsa.ca\/wp-content\/uploads\/2024\/08\/Canada-offer-24-OMSA-VP-Finance-300x300.png 300w, https:\/\/omsa.ca\/wp-content\/uploads\/2024\/08\/Canada-offer-24-OMSA-VP-Finance-150x150.png 150w, https:\/\/omsa.ca\/wp-content\/uploads\/2024\/08\/Canada-offer-24-OMSA-VP-Finance-12x12.png 12w, https:\/\/omsa.ca\/wp-content\/uploads\/2024\/08\/Canada-offer-24-OMSA-VP-Finance-100x100.png 100w, https:\/\/omsa.ca\/wp-content\/uploads\/2024\/08\/Canada-offer-24-OMSA-VP-Finance.png 320w\" sizes=\"(max-width: 300px) 100vw, 300px\" \/><\/p><hr \/><p>V\u00e9rifiez <a href=\"https:\/\/docs.google.com\/document\/d\/1j5_Bq4oeG2vR0w3rr3yrsnWD0IQX7uvOMDmbqAHQ5IE\/edit?usp=sharing\"> Fiche FAQ de la s\u00e9ance d&#039;information<\/a> \u00a0et les liens ci-dessous. Si vous avez des questions suppl\u00e9mentaires, n&#039;h\u00e9sitez pas \u00e0 envoyer un e-mail \u00e0 Ming \u00e0 <a href=\"mailto:finance@omsa.ca\">finance@omsa.ca<\/a>.<\/p><p><u>Les atouts de Littmann\u00a0:<\/u><\/p><ul><li>D\u00e9pliant et portfolio pour \u00e9tudiants en m\u00e9decine (Tous les produits font partie de l&#039;accord OMSA)\u00a0: <a href=\"https:\/\/omsa.ca\/wp-content\/uploads\/2024\/03\/canada-10388-2104-20330-e-littmann-medical-school-flyer-en-final-v1.pdf\" target=\"_blank\" rel=\"noreferrer noopener\">d\u00e9pliant-de-l&#039;\u00e9cole-de-m\u00e9decine-littmann<\/a><\/li><li>D\u00e9pliant de l&#039;application d&#039;apprentissage Littmann\u00a0:\u00a0<a href=\"https:\/\/omsa.ca\/wp-content\/uploads\/2024\/03\/Littmann_Postcard_EN_2019_v03.pdf\" target=\"_blank\" rel=\"noreferrer noopener\">le pouvoir-d-apprendre.pdf<\/a><\/li><li>Programme \u00e9tudiant \u2013 Kit de pi\u00e8ces de rechange gratuit\u00a0:\u00a0<a href=\"https:\/\/omsa.ca\/wp-content\/uploads\/2024\/03\/multimedia.pdf\" target=\"_blank\" rel=\"noreferrer noopener\">Offre-kit-de-pi\u00e8ces-de-rechange-st\u00e9thoscopes-3m-littmann<\/a><\/li><\/ul><p><u>Liens Littmann\u00a0:<\/u><\/p><ul><li>Pour toute information sur Littmann Canada, veuillez visiter\u00a0<a href=\"http:\/\/www.littmann.ca\/\" target=\"_blank\" rel=\"noreferrer noopener\">www.littmann.ca<\/a>\u00a0\u00a0<\/li><li>Pour en savoir plus sur l&#039;apprentissage avec le st\u00e9thoscope Littmann\u00a0: \u00a0<a href=\"https:\/\/www.littmann.ca\/3M\/en_CA\/littmann-stethoscopes-ca\/education\/\" target=\"_blank\" rel=\"noreferrer noopener\">https:\/\/www.littmann.ca\/3M\/en_CA\/littmann-stethoscopes-ca\/education\/<\/a><\/li><li>Pour trouver votre st\u00e9thoscope id\u00e9al :\u00a0<a href=\"https:\/\/www.littmann.ca\/3M\/en_CA\/littmann-stethoscopes-ca\/products\/find-your-perfect-stethoscope\/\" target=\"_blank\" rel=\"noreferrer noopener\">https:\/\/www.littmann.ca\/3M\/en_CA\/littmann-stethoscopes-ca\/products\/find-your-perfect-stethoscope\/<\/a><\/li><\/ul><p><u>Apr\u00e8s l&#039;achat :<\/u><\/p><ul><li>Pour profiter de l\u2019offre du kit de recharge\u00a0<a href=\"http:\/\/www.littmann.ca\/studentsprogram\" target=\"_blank\" rel=\"noreferrer noopener\">www.littmann.ca\/studentsprogram<\/a>\u00a0\u00a0\u00a0<\/li><li>V\u00e9rifiez avant d&#039;utiliser votre st\u00e9thoscope\u00a0:\u00a0\u00a0<a href=\"https:\/\/www.littmann.ca\/3M\/en_CA\/littmann-stethoscopes-ca\/my-stethoscope\/using-your-stethoscope\/\" target=\"_blank\" rel=\"noreferrer noopener\">https:\/\/www.littmann.ca\/3M\/en_CA\/littmann-stethoscopes-ca\/my-stethoscope\/using-your-stethoscope\/<\/a><\/li><li>Article tr\u00e8s important : \u00ab Nettoyage du st\u00e9thoscope 101 \u00bb :\u00a0<a href=\"https:\/\/sciencecentre.3mcanada.ca\/articles\/stethoscope-cleaning-101\" target=\"_blank\" rel=\"noreferrer noopener\">https:\/\/sciencecentre.3mcanada.ca\/articles\/stethoscope-cleaning-101<\/a><\/li><\/ul>\t\t\t\t\t\t<\/div>\n\t\t\t\t<\/div>\n\t\t\t\t<div class=\"elementor-element elementor-element-80b6db6 elementor-widget elementor-widget-spacer\" data-id=\"80b6db6\" data-element_type=\"widget\" data-widget_type=\"spacer.default\">\n\t\t\t\t<div class=\"elementor-widget-container\">\n\t\t\t\t\t<div class=\"elementor-spacer\">\n\t\t\t<div class=\"elementor-spacer-inner\"><\/div>\n\t\t<\/div>\n\t\t\t\t<\/div>\n\t\t\t\t<\/div>\n\t\t\t\t\t<\/div>\n\t\t\t\t<\/div>\n\t\t\t\t<\/div>","protected":false},"excerpt":{"rendered":"<p>Stethoscope Sale Check out the Info Session FAQ Sheet \u00a0and the links below. If you have additional questions, feel free to email Ming at finance@omsa.ca. Littmann Assets: Medical Student Flyer [&hellip;]<\/p>","protected":false},"author":4,"featured_media":0,"parent":0,"menu_order":0,"comment_status":"closed","ping_status":"closed","template":"","meta":{"footnotes":""},"class_list":["post-686","page","type-page","status-publish","hentry"],"acf":[],"_links":{"self":[{"href":"https:\/\/omsa.ca\/fr\/wp-json\/wp\/v2\/pages\/686","targetHints":{"allow":["GET"]}}],"collection":[{"href":"https:\/\/omsa.ca\/fr\/wp-json\/wp\/v2\/pages"}],"about":[{"href":"https:\/\/omsa.ca\/fr\/wp-json\/wp\/v2\/types\/page"}],"author":[{"embeddable":true,"href":"https:\/\/omsa.ca\/fr\/wp-json\/wp\/v2\/users\/4"}],"replies":[{"embeddable":true,"href":"https:\/\/omsa.ca\/fr\/wp-json\/wp\/v2\/comments?post=686"}],"version-history":[{"count":15,"href":"https:\/\/omsa.ca\/fr\/wp-json\/wp\/v2\/pages\/686\/revisions"}],"predecessor-version":[{"id":6607,"href":"https:\/\/omsa.ca\/fr\/wp-json\/wp\/v2\/pages\/686\/revisions\/6607"}],"wp:attachment":[{"href":"https:\/\/omsa.ca\/fr\/wp-json\/wp\/v2\/media?parent=686"}],"curies":[{"name":"wp","href":"https:\/\/api.w.org\/{rel}","templated":true}]}}