{"id":665,"date":"2020-02-14T03:27:12","date_gmt":"2020-02-14T03:27:12","guid":{"rendered":"https:\/\/staging.omsa.ca\/mental-health-resources\/"},"modified":"2020-02-14T03:27:12","modified_gmt":"2020-02-14T03:27:12","slug":"mental-health-resources","status":"publish","type":"page","link":"https:\/\/omsa.ca\/fr\/mental-health-resources\/","title":{"rendered":"Ressources en sant\u00e9 mentale"},"content":{"rendered":"<p align=\"center\"><iframe frameborder=\"0\" height=\"1000\" scrolling=\"no\" src=\"https:\/\/docs.google.com\/gview?url=https:\/\/omsa.ca\/sites\/default\/files\/media\/omsa_mental_health_resources.pdf&amp;embedded=true\" width=\"600\"><\/iframe><\/p>\n<hr \/>\n<p>Le groupe de travail sur la sant\u00e9 mentale de l&#039;OMSA a \u00e9labor\u00e9 un document contenant des ressources sur la sant\u00e9 mentale pour tous les \u00e9tudiants en m\u00e9decine, que nous avons joint <a href=\"\/fr\/file\/670\/\" target=\"_blank\" rel=\"noopener\">ici<\/a>.<\/p>\n<p>N&#039;h\u00e9sitez pas \u00e0 partager largement !<\/p>","protected":false},"excerpt":{"rendered":"<p>Le groupe de travail sur la sant\u00e9 mentale de l&#039;OMSA a \u00e9labor\u00e9 un document contenant des ressources sur la sant\u00e9 mentale pour tous les \u00e9tudiants en m\u00e9decine, que nous avons joint ici. N&#039;h\u00e9sitez pas \u00e0 partager largement !<\/p>","protected":false},"author":4,"featured_media":0,"parent":0,"menu_order":0,"comment_status":"closed","ping_status":"closed","template":"","meta":{"footnotes":""},"class_list":["post-665","page","type-page","status-publish","hentry"],"acf":[],"_links":{"self":[{"href":"https:\/\/omsa.ca\/fr\/wp-json\/wp\/v2\/pages\/665","targetHints":{"allow":["GET"]}}],"collection":[{"href":"https:\/\/omsa.ca\/fr\/wp-json\/wp\/v2\/pages"}],"about":[{"href":"https:\/\/omsa.ca\/fr\/wp-json\/wp\/v2\/types\/page"}],"author":[{"embeddable":true,"href":"https:\/\/omsa.ca\/fr\/wp-json\/wp\/v2\/users\/4"}],"replies":[{"embeddable":true,"href":"https:\/\/omsa.ca\/fr\/wp-json\/wp\/v2\/comments?post=665"}],"version-history":[{"count":0,"href":"https:\/\/omsa.ca\/fr\/wp-json\/wp\/v2\/pages\/665\/revisions"}],"wp:attachment":[{"href":"https:\/\/omsa.ca\/fr\/wp-json\/wp\/v2\/media?parent=665"}],"curies":[{"name":"wp","href":"https:\/\/api.w.org\/{rel}","templated":true}]}}