{"id":656,"date":"2017-11-12T21:13:32","date_gmt":"2017-11-12T21:13:32","guid":{"rendered":"https:\/\/staging.omsa.ca\/election-winners\/"},"modified":"2026-04-16T09:09:54","modified_gmt":"2026-04-16T13:09:54","slug":"election-winners","status":"publish","type":"page","link":"https:\/\/omsa.ca\/fr\/election-winners\/","title":{"rendered":"\u00c9lections ex\u00e9cutives"},"content":{"rendered":"<p class=\"rtecenter\"><span style=\"font-size:16px;\"><strong>F\u00e9licitations \u00e0 notre conseil d&#039;administration nouvellement \u00e9lu !<\/strong><\/span><\/p>\n<p class=\"rtecenter\"><span style=\"color:#000080;\"><strong>Pr\u00e9sident:<\/strong><\/span>&nbsp;Angie Salomon (Universit\u00e9 Queen&#039;s)<br \/>\n<span style=\"color:#000080;\"><strong>Pr\u00e9sident \u00e9lu\u00a0:<\/strong><\/span>&nbsp;Jeeventh Kaur (Universit\u00e9 de Toronto)<br \/>\n<span style=\"color:#000080;\"><strong>Vice-pr\u00e9sident du plaidoyer\u00a0:<\/strong><\/span>&nbsp;Abeera Shahid (Universit\u00e9 d&#039;Ottawa)<br \/>\n<span style=\"color:#000080;\"><strong>Vice-pr\u00e9sident EDI\u00a0:<\/strong><\/span>&nbsp;Jenna Simpson (Universit\u00e9 EMNO)<br \/>\n<span style=\"color:#000080;\"><strong>Vice-pr\u00e9sident aux communications\u00a0:<\/strong><\/span>&nbsp;Hailey Bensky (Universit\u00e9 McMaster)<br \/>\n<span style=\"color:#000080;\"><strong>Vice-pr\u00e9sident Finances\u00a0:<\/strong><\/span>&nbsp;Ming Chen (Universit\u00e9 McMaster)<br \/>\n<span style=\"color:#000080;\"><strong>Vice-pr\u00e9sident aux affaires \u00e9tudiantes\u00a0:<\/strong><\/span>&nbsp;Winnie situ (Universit\u00e9 McMaster)<br \/>\n<span style=\"color:#000080;\"><strong>Vice-pr\u00e9sident des op\u00e9rations\u00a0:<\/strong><\/span>&nbsp;Maxim Matyashin (Universit\u00e9 de Western Ontario)<\/p>","protected":false},"excerpt":{"rendered":"<p>Congratulations to our newly elected Executive Board! President:&nbsp;Angie Salomon (Queen&#8217;s University) President-Elect:&nbsp;Jeeventh Kaur (University of Toronto) VP Advocacy:&nbsp;Abeera Shahid (University of Ottawa) VP EDI:&nbsp;Jenna Simpson (NOSM University) VP Communications:&nbsp;Hailey Bensky [&hellip;]<\/p>","protected":false},"author":4,"featured_media":0,"parent":0,"menu_order":0,"comment_status":"closed","ping_status":"closed","template":"","meta":{"footnotes":""},"class_list":["post-656","page","type-page","status-publish","hentry"],"acf":[],"_links":{"self":[{"href":"https:\/\/omsa.ca\/fr\/wp-json\/wp\/v2\/pages\/656","targetHints":{"allow":["GET"]}}],"collection":[{"href":"https:\/\/omsa.ca\/fr\/wp-json\/wp\/v2\/pages"}],"about":[{"href":"https:\/\/omsa.ca\/fr\/wp-json\/wp\/v2\/types\/page"}],"author":[{"embeddable":true,"href":"https:\/\/omsa.ca\/fr\/wp-json\/wp\/v2\/users\/4"}],"replies":[{"embeddable":true,"href":"https:\/\/omsa.ca\/fr\/wp-json\/wp\/v2\/comments?post=656"}],"version-history":[{"count":1,"href":"https:\/\/omsa.ca\/fr\/wp-json\/wp\/v2\/pages\/656\/revisions"}],"predecessor-version":[{"id":7978,"href":"https:\/\/omsa.ca\/fr\/wp-json\/wp\/v2\/pages\/656\/revisions\/7978"}],"wp:attachment":[{"href":"https:\/\/omsa.ca\/fr\/wp-json\/wp\/v2\/media?parent=656"}],"curies":[{"name":"wp","href":"https:\/\/api.w.org\/{rel}","templated":true}]}}