{"id":654,"date":"2017-11-10T20:24:21","date_gmt":"2017-11-10T20:24:21","guid":{"rendered":"https:\/\/staging.omsa.ca\/policy-updates\/"},"modified":"2017-11-10T20:24:21","modified_gmt":"2017-11-10T20:24:21","slug":"policy-updates","status":"publish","type":"page","link":"https:\/\/omsa.ca\/fr\/policy-updates\/","title":{"rendered":"Mise \u00e0 jour des conditions"},"content":{"rendered":"<p class=\"rtejustify\">OMSA a lanc\u00e9 le&nbsp;<strong>Initiative d&#039;\u00e9ducation en ligne sur les politiques de sant\u00e9 (OHPEI)<\/strong>&nbsp;dans le but de fournir du mat\u00e9riel p\u00e9dagogique en ligne qui augmentera la comp\u00e9tence globale des \u00e9tudiants en m\u00e9decine dans le domaine de la politique de sant\u00e9. Sur cette page, l&#039;\u00e9quipe d&#039;intervention rapide de l&#039;OHPEI publie des infographies et des mises \u00e0 jour concernant les derni\u00e8res affaires provinciales et nationales en mati\u00e8re de politique de sant\u00e9.<\/p>\n<p>[r\u00e9duire le titre repli\u00e9 = \u00ab\u00a0Lettre ouverte de l&#039;OMSA\u00a0:\u00a0Communiqu\u00e9 de presse sur l&#039;abrogation du projet de loi 124 (publi\u00e9 le 5 f\u00e9vrier 2022)\u00a0\u00bb]<\/p>\n<p>Le projet de loi 124 est une loi ontarienne qui limite les augmentations de salaire des infirmi\u00e8res et contribue activement \u00e0 la crise actuelle du personnel infirmier en exacerbant l&#039;\u00e9puisement professionnel, en diminuant le moral et en sous-\u00e9valuant le r\u00f4le essentiel que jouent les infirmi\u00e8res dans notre syst\u00e8me de sant\u00e9. Ce faisant, le projet de loi 124 menace la qualit\u00e9 des soins de sant\u00e9 offerts aux patients partout dans la province et a un impact n\u00e9gatif sur la formation des futurs professionnels de la sant\u00e9. La pression exerc\u00e9e par le projet de loi 124 sur le syst\u00e8me de sant\u00e9 aura des effets n\u00e9fastes \u00e0 tous les niveaux de soins pendant des ann\u00e9es.&nbsp;<\/p>\n<p><strong>L\u2019Association des \u00e9tudiants en m\u00e9decine de l\u2019Ontario se tient aux c\u00f4t\u00e9s des infirmi\u00e8res et infirmiers pour demander l\u2019abrogation imm\u00e9diate du projet de loi 124.<\/strong><\/p>\n<p>Lire la d\u00e9claration compl\u00e8te <a href=\"\/fr\/file\/665\/\" rel=\"noreferrer noopener\" target=\"_blank\">ici<\/a>.<\/p>\n<p>[\/effondrement]<\/p>\n<p>[r\u00e9duire le titre r\u00e9duit = \u00bbCommuniqu\u00e9 de presse de l&#039;OMSA sur le projet de loi 138 (publi\u00e9 le 30 novembre 2019)\u00bb]<\/p>\n<p class=\"rtejustify\">OMSA a publi\u00e9 une mise \u00e0 jour importante concernant le projet de loi 138. Nous vous encourageons \u00e0 en savoir plus sur la bo\u00eete \u00e0 outils de plaidoyer. <a href=\"https:\/\/www.askontariodoctors.ca\/doctor-action\">ici<\/a>, et consultez la mise \u00e0 jour de notre politique <a href=\"\/fr\/file\/386\/\">ici<\/a>.&nbsp;<\/p>\n<p>[\/effondrement]<\/p>\n<p>[collapse Kollapsed title = \u00ab Guide des \u00e9lections ontariennes 2018 pour les \u00e9tudiants en m\u00e9decine (affich\u00e9 le 18 mai 2018) \u00bb]<\/p>\n<p class=\"rtejustify\">L\u2019OMSA a pr\u00e9par\u00e9 un guide ax\u00e9 sur la sant\u00e9 pour les \u00e9lections ontariennes de 2018 \u00e0 l\u2019intention des \u00e9tudiants en m\u00e9decine. Nous sommes ravis que tous les partis se soient engag\u00e9s en faveur d\u2019un r\u00e9gime d\u2019assurance-m\u00e9dicaments en Ontario. Leurs propositions envisagent d\u2019\u00e9tendre la couverture aux maladies rares, aux personnes \u00e2g\u00e9es ou aux personnes de tous \u00e2ges. Ils pr\u00e9sentent \u00e9galement des projets visant \u00e0 am\u00e9liorer l&#039;acc\u00e8s aux soins de longue dur\u00e9e. <strong><a href=\"https:\/\/docs.google.com\/presentation\/d\/1-vy0s953vxczmsEmuBocVlMhs0g68A9V7Wkr5nuF348\/present\" rel=\"noreferrer noopener\" target=\"_blank\">Cliquez ici<\/a> pour en savoir plus sur les principaux probl\u00e8mes de sant\u00e9 dans la province et obtenir une analyse impartiale de la plateforme de chaque parti afin de prendre une d\u00e9cision \u00e9clair\u00e9e lors des prochaines \u00e9lections. N&#039;oubliez pas de voter !<\/strong><\/p>\n<p>[\/effondrement]<\/p>\n<p>[collapse Kollapsed title = &quot;Modifications fiscales f\u00e9d\u00e9rales pour les petites entreprises (publi\u00e9es le 20 d\u00e9cembre 2017)&quot;]<\/p>\n<p class=\"rtejustify\">Le d\u00e9bat sur les imp\u00f4ts f\u00e9d\u00e9raux a d\u00e9but\u00e9 le 18 juillet 2017, lorsque le gouvernement lib\u00e9ral a annonc\u00e9 son intention de mettre \u00e0 jour la Loi de l&#039;imp\u00f4t sur le revenu. L&#039;objectif \u00e9tait \u00ab d&#039;am\u00e9liorer l&#039;\u00e9quit\u00e9 du syst\u00e8me fiscal canadien en \u00e9liminant les \u00e9chappatoires fiscales et en modifiant les r\u00e8gles existantes pour garantir que les Canadiens les plus riches paient leur juste part d&#039;imp\u00f4ts \u00bb. Plus pr\u00e9cis\u00e9ment, ces modifications fiscales propos\u00e9es toucheraient de nombreuses petites entreprises, qui comprennent les deux tiers des m\u00e9decins. <strong><a href=\"\/fr\/file\/140\/\" rel=\"noreferrer noopener\" target=\"_blank\">Cliquez ici<\/a> pour un bref r\u00e9sum\u00e9<\/strong> des principaux changements propos\u00e9s et des liens vers davantage de ressources. <strong><a href=\"\/fr\/file\/139\/\" rel=\"noreferrer noopener\" target=\"_blank\">Cliquez ici<\/a> pour une pr\u00e9sentation de la Financi\u00e8re MD<\/strong> concernant l\u2019impact potentiel des changements.<\/p>\n<p class=\"rtejustify\">[\/effondrement]<\/p>\n<p>[collapse Colombod title = \u00ab Projet de loi omnibus sur la sant\u00e9 160 de l&#039;Ontario (affich\u00e9 le 18 d\u00e9cembre 2017) \u00bb]<\/p>\n<p class=\"rtejustify\">Le projet de loi 160, officiellement connu sous le nom de \u00ab Loi modifiant, abrogeant et \u00e9dictant diverses lois dans le but de renforcer la qualit\u00e9 et la responsabilit\u00e9 des patients \u00bb est un projet de loi omnibus (un projet de loi couvrant de nombreuses politiques diverses) qui a franchi sa premi\u00e8re lecture le 27 septembre. , 2017, et sa deuxi\u00e8me lecture le 26 octobre 2017. Le projet de loi attend maintenant sa troisi\u00e8me lecture, avant la sanction royale pour devenir loi. Le projet de loi compte plus de 200 pages et peut \u00eatre difficile \u00e0 parcourir sans suffisamment d\u2019informations. <strong><a href=\"\/fr\/file\/138\/\" rel=\"noreferrer noopener\" target=\"_blank\">Cliquez ici<\/a> pour un bref r\u00e9sum\u00e9<\/strong> des projets de loi qui seront introduits ou mis \u00e0 jour par le projet de loi 160.<\/p>\n<p class=\"rtejustify\">[\/effondrement]<\/p>\n<p>[collapse Kollapsed title = \u00ab OHIP for All (affich\u00e9 le 5 d\u00e9cembre 2017) \u00bb]<\/p>\n<p class=\"rtejustify\">La campagne OHIP for All rassemble de nombreux appels publics \u00e0 l\u2019action en une seule campagne provinciale fond\u00e9e sur le principe selon lequel chaque personne a le droit aux soins de sant\u00e9. La campagne demande au gouvernement de l&#039;Ontario d&#039;offrir l&#039;Assurance-sant\u00e9 de l&#039;Ontario \u00e0 tous les r\u00e9sidents de l&#039;Ontario. <strong><a href=\"\/fr\/file\/127\/\" rel=\"noreferrer noopener\" target=\"_blank\">Cliquez ici<\/a> pour un bref aper\u00e7u de la campagne.<\/strong> Veuillez visiter le <strong><a href=\"http:\/\/ohipforall.ca\/\" rel=\"noreferrer noopener\" target=\"_blank\">Site Web de l&#039;Assurance-sant\u00e9 pour tous<\/a><\/strong> si vous souhaitez en savoir plus ou signer la lettre ouverte.<\/p>\n<p class=\"rtejustify\">[\/effondrement]<\/p>\n<p>[collapse Kollapsed title = \u00ab Loi sur le cannabis (affich\u00e9 le 14 septembre 2017) \u00bb]<\/p>\n<p class=\"rtejustify\">Le 13 avril 2017, le gouvernement du Canada a pr\u00e9sent\u00e9 le&nbsp;<a href=\"http:\/\/www.parl.ca\/LegisInfo\/BillDetails.aspx?billId=8886269&amp;Language=E&amp;Mode=1\" rel=\"noreferrer noopener\" target=\"_blank\">Loi sur le cannabis<\/a>, qui vise \u00e0 l\u00e9galiser le cannabis r\u00e9cr\u00e9atif \u00e0 travers le pays. L&#039;\u00e9quipe de r\u00e9ponse rapide du comit\u00e9 de plaidoyer politique de l&#039;OMSA a \u00e9t\u00e9 occup\u00e9e \u00e0 travailler sur le plaidoyer li\u00e9 \u00e0 la loi sur le cannabis.&nbsp;<strong><a href=\"\/fr\/file\/109\/\" rel=\"noreferrer noopener\" target=\"_blank\">Cliquez ici<\/a>&nbsp;pour apprendre plus&nbsp;<\/strong>sur l&#039;\u00e9tat actuel de la l\u00e9gislation, les recommandations de l&#039;OMA et les objectifs de l&#039;OMSA.<\/p>\n<p class=\"rtejustify\">[\/effondrement]<\/p>\n<p>[collapse Kollapsed title = \u00ab Loi sur le patient d&#039;abord, projet de loi 41 (affich\u00e9 le 4 janvier 2017) \u00bb]<\/p>\n<p class=\"rtejustify\">\u00c9galement connu sous le nom de Loi sur le patient d&#039;abord, le projet de loi 41 apporte des changements importants aux politiques de soins de sant\u00e9 de l&#039;Ontario dans le but d&#039;assurer et d&#039;am\u00e9liorer l&#039;acc\u00e8s aux soins de sant\u00e9 primaires. La loi controvers\u00e9e introduit des sous-r\u00e9gions administratives et renforce la gestion gouvernementale de la planification, du financement et de la prestation des soins de sant\u00e9. <strong><a href=\"\/fr\/file\/128\/\" rel=\"noreferrer noopener\" target=\"_blank\">Cliquez ici<\/a> pour un guide concis de l&#039;\u00e9tudiant sur le Patient First Act<\/strong>.<\/p>\n<p class=\"rtejustify\">[\/effondrement]<\/p>","protected":false},"excerpt":{"rendered":"<p>OMSA launched the&nbsp;Online Health Policy Education Initiative (OHPEI)&nbsp;with the goal of providing online educational materials that will increase the overall competency of medical students in the area of Health Policy. [&hellip;]<\/p>","protected":false},"author":4,"featured_media":0,"parent":0,"menu_order":0,"comment_status":"closed","ping_status":"closed","template":"","meta":{"footnotes":""},"class_list":["post-654","page","type-page","status-publish","hentry"],"acf":[],"_links":{"self":[{"href":"https:\/\/omsa.ca\/fr\/wp-json\/wp\/v2\/pages\/654","targetHints":{"allow":["GET"]}}],"collection":[{"href":"https:\/\/omsa.ca\/fr\/wp-json\/wp\/v2\/pages"}],"about":[{"href":"https:\/\/omsa.ca\/fr\/wp-json\/wp\/v2\/types\/page"}],"author":[{"embeddable":true,"href":"https:\/\/omsa.ca\/fr\/wp-json\/wp\/v2\/users\/4"}],"replies":[{"embeddable":true,"href":"https:\/\/omsa.ca\/fr\/wp-json\/wp\/v2\/comments?post=654"}],"version-history":[{"count":1,"href":"https:\/\/omsa.ca\/fr\/wp-json\/wp\/v2\/pages\/654\/revisions"}],"predecessor-version":[{"id":5243,"href":"https:\/\/omsa.ca\/fr\/wp-json\/wp\/v2\/pages\/654\/revisions\/5243"}],"wp:attachment":[{"href":"https:\/\/omsa.ca\/fr\/wp-json\/wp\/v2\/media?parent=654"}],"curies":[{"name":"wp","href":"https:\/\/api.w.org\/{rel}","templated":true}]}}