{"id":5719,"date":"2024-05-06T16:23:06","date_gmt":"2024-05-06T16:23:06","guid":{"rendered":"https:\/\/staging.omsa.ca\/?page_id=5719"},"modified":"2024-05-07T04:42:45","modified_gmt":"2024-05-07T04:42:45","slug":"site-map","status":"publish","type":"page","link":"https:\/\/omsa.ca\/fr\/site-map\/","title":{"rendered":"Plan du site"},"content":{"rendered":"<div data-elementor-type=\"wp-page\" data-elementor-id=\"5719\" class=\"elementor elementor-5719\" data-elementor-post-type=\"page\">\n\t\t\t\t<div class=\"elementor-element elementor-element-0a3a355 e-flex e-con-boxed e-con e-parent\" data-id=\"0a3a355\" data-element_type=\"container\" data-settings=\"{&quot;container_type&quot;:&quot;flex&quot;,&quot;content_width&quot;:&quot;boxed&quot;}\" data-core-v316-plus=\"true\">\n\t\t\t\t\t<div class=\"e-con-inner\">\n\t\t\t\t<div class=\"elementor-element elementor-element-ff3d331 elementor-widget elementor-widget-spacer\" data-id=\"ff3d331\" data-element_type=\"widget\" data-widget_type=\"spacer.default\">\n\t\t\t\t<div class=\"elementor-widget-container\">\n\t\t\t<style>\/*! elementor - v3.19.0 - 07-02-2024 *\/\n.elementor-column .elementor-spacer-inner{height:var(--spacer-size)}.e-con{--container-widget-width:100%}.e-con-inner>.elementor-widget-spacer,.e-con>.elementor-widget-spacer{width:var(--container-widget-width,var(--spacer-size));--align-self:var(--container-widget-align-self,initial);--flex-shrink:0}.e-con-inner>.elementor-widget-spacer>.elementor-widget-container,.e-con>.elementor-widget-spacer>.elementor-widget-container{height:100%;width:100%}.e-con-inner>.elementor-widget-spacer>.elementor-widget-container>.elementor-spacer,.e-con>.elementor-widget-spacer>.elementor-widget-container>.elementor-spacer{height:100%}.e-con-inner>.elementor-widget-spacer>.elementor-widget-container>.elementor-spacer>.elementor-spacer-inner,.e-con>.elementor-widget-spacer>.elementor-widget-container>.elementor-spacer>.elementor-spacer-inner{height:var(--container-widget-height,var(--spacer-size))}.e-con-inner>.elementor-widget-spacer.elementor-widget-empty,.e-con>.elementor-widget-spacer.elementor-widget-empty{position:relative;min-height:22px;min-width:22px}.e-con-inner>.elementor-widget-spacer.elementor-widget-empty .elementor-widget-empty-icon,.e-con>.elementor-widget-spacer.elementor-widget-empty .elementor-widget-empty-icon{position:absolute;top:0;bottom:0;left:0;right:0;margin:auto;padding:0;width:22px;height:22px}<\/style>\t\t<div class=\"elementor-spacer\">\n\t\t\t<div class=\"elementor-spacer-inner\"><\/div>\n\t\t<\/div>\n\t\t\t\t<\/div>\n\t\t\t\t<\/div>\n\t\t\t\t<div class=\"elementor-element elementor-element-6299723 elementor-widget elementor-widget-heading\" data-id=\"6299723\" data-element_type=\"widget\" data-widget_type=\"heading.default\">\n\t\t\t\t<div class=\"elementor-widget-container\">\n\t\t\t<style>\/*! elementor - v3.19.0 - 07-02-2024 *\/\n.elementor-heading-title{padding:0;margin:0;line-height:1}.elementor-widget-heading .elementor-heading-title[class*=elementor-size-]>a{color:inherit;font-size:inherit;line-height:inherit}.elementor-widget-heading .elementor-heading-title.elementor-size-small{font-size:15px}.elementor-widget-heading .elementor-heading-title.elementor-size-medium{font-size:19px}.elementor-widget-heading .elementor-heading-title.elementor-size-large{font-size:29px}.elementor-widget-heading .elementor-heading-title.elementor-size-xl{font-size:39px}.elementor-widget-heading .elementor-heading-title.elementor-size-xxl{font-size:59px}<\/style><h1 class=\"elementor-heading-title elementor-size-default\">Plan du site<\/h1>\t\t<\/div>\n\t\t\t\t<\/div>\n\t\t\t\t<div class=\"elementor-element elementor-element-a82bd4e elementor-widget elementor-widget-text-editor\" data-id=\"a82bd4e\" data-element_type=\"widget\" data-widget_type=\"text-editor.default\">\n\t\t\t\t<div class=\"elementor-widget-container\">\n\t\t\t<style>\/*! elementor - v3.19.0 - 07-02-2024 *\/\n.elementor-widget-text-editor.elementor-drop-cap-view-stacked .elementor-drop-cap{background-color:#69727d;color:#fff}.elementor-widget-text-editor.elementor-drop-cap-view-framed .elementor-drop-cap{color:#69727d;border:3px solid;background-color:transparent}.elementor-widget-text-editor:not(.elementor-drop-cap-view-default) .elementor-drop-cap{margin-top:8px}.elementor-widget-text-editor:not(.elementor-drop-cap-view-default) .elementor-drop-cap-letter{width:1em;height:1em}.elementor-widget-text-editor .elementor-drop-cap{float:left;text-align:center;line-height:1;font-size:50px}.elementor-widget-text-editor .elementor-drop-cap-letter{display:inline-block}<\/style>\t\t\t\t<p>Le plan du site affiche une liste de toutes les pages de ce site en un seul endroit pour un acc\u00e8s facile. Vous pouvez ajouter cette page \u00e0 vos favoris pour un acc\u00e8s rapide \u00e0 l&#039;avenir\u00a0!<\/p>\t\t\t\t\t\t<\/div>\n\t\t\t\t<\/div>\n\t\t\t\t<div class=\"elementor-element elementor-element-dd5d9df elementor-widget elementor-widget-sitemap\" data-id=\"dd5d9df\" data-element_type=\"widget\" data-widget_type=\"sitemap.default\">\n\t\t\t\t<div class=\"elementor-widget-container\">\n\t\t\t<link rel=\"stylesheet\" href=\"https:\/\/omsa.ca\/wp-content\/plugins\/elementor-pro\/assets\/css\/widget-theme-elements.min.css\"><div class=\"elementor-sitemap-wrap\"><div class=\"elementor-sitemap-section\"><h2 class=\"elementor-sitemap-title elementor-sitemap-page-title\"> <\/h2><ul class=\"elementor-sitemap-list elementor-sitemap-page-list\"><li class=\"elementor-sitemap-item elementor-sitemap-item-page page_item page-item-678\"><a href=\"https:\/\/omsa.ca\/fr\/abeera-shahid-student-recognition-award\/\">Abeera Shahid \u00c9tudiant Prix De Reconnaissance<\/a><\/li><li class=\"elementor-sitemap-item elementor-sitemap-item-page page_item page-item-3974\"><a href=\"https:\/\/omsa.ca\/fr\/account-page\/\">Page de compte<\/a><\/li><li class=\"elementor-sitemap-item elementor-sitemap-item-page page_item page-item-1381\"><a href=\"https:\/\/omsa.ca\/fr\/advocacy\/\">Plaidoyer Portefeuille<\/a><\/li><li class=\"elementor-sitemap-item elementor-sitemap-item-page page_item page-item-680\"><a href=\"https:\/\/omsa.ca\/fr\/art-medicine-award\/\">L&#039;Art de la M\u00e9decine Prix<\/a><\/li><li class=\"elementor-sitemap-item elementor-sitemap-item-page page_item page-item-2916\"><a href=\"https:\/\/omsa.ca\/fr\/cart\/\">Chariot<\/a><\/li><li class=\"elementor-sitemap-item elementor-sitemap-item-page page_item page-item-2918\"><a href=\"https:\/\/omsa.ca\/fr\/checkout\/\">V\u00e9rifier<\/a><\/li><li class=\"elementor-sitemap-item elementor-sitemap-item-page page_item page-item-610\"><a href=\"https:\/\/omsa.ca\/fr\/conference-grant\/\">Conf\u00e9rence De Subventions<\/a><\/li><li class=\"elementor-sitemap-item elementor-sitemap-item-page page_item page-item-710\"><a href=\"https:\/\/omsa.ca\/fr\/constitution-minutes-links\/\">Constitution, proc\u00e8s-verbaux et liens<\/a><\/li><li class=\"elementor-sitemap-item elementor-sitemap-item-page page_item page-item-4041\"><a href=\"https:\/\/omsa.ca\/fr\/contact-us\/\">Contactez-Nous<\/a><\/li><li class=\"elementor-sitemap-item elementor-sitemap-item-page page_item page-item-620\"><a href=\"https:\/\/omsa.ca\/fr\/council\/\">Membres du Conseil<\/a><\/li><li class=\"elementor-sitemap-item elementor-sitemap-item-page page_item page-item-622\"><a href=\"https:\/\/omsa.ca\/fr\/doaedid\/\">Day of Action &#038; EDID Conference<\/a><\/li><li class=\"elementor-sitemap-item elementor-sitemap-item-page page_item page-item-740\"><a href=\"https:\/\/omsa.ca\/fr\/design-guide-archive\/\">Guide De Conception &amp; Archive<\/a><\/li><li class=\"elementor-sitemap-item elementor-sitemap-item-page page_item page-item-2947\"><a href=\"https:\/\/omsa.ca\/fr\/edid\/\">EDID<\/a><\/li><li class=\"elementor-sitemap-item elementor-sitemap-item-page page_item page-item-674\"><a href=\"https:\/\/omsa.ca\/fr\/education\/\">L&#039;\u00e9ducation<\/a><\/li><li class=\"elementor-sitemap-item elementor-sitemap-item-page page_item page-item-660\"><a href=\"https:\/\/omsa.ca\/fr\/event-initiative-sponsorship-grants\/\">\u00c9v\u00e9nement\/De L&#039;Initiative Des Subventions<\/a><\/li><li class=\"elementor-sitemap-item elementor-sitemap-item-page page_item page-item-7246\"><a href=\"https:\/\/omsa.ca\/fr\/executive-elections\/\">\u00c9lections ex\u00e9cutives<\/a><\/li><li class=\"elementor-sitemap-item elementor-sitemap-item-page page_item page-item-656\"><a href=\"https:\/\/omsa.ca\/fr\/election-winners\/\">\u00c9lections ex\u00e9cutives<\/a><\/li><li class=\"elementor-sitemap-item elementor-sitemap-item-page page_item page-item-688\"><a href=\"https:\/\/omsa.ca\/fr\/finance\/\">Finances<\/a><\/li><li class=\"elementor-sitemap-item elementor-sitemap-item-page page_item page-item-706\"><a href=\"https:\/\/omsa.ca\/fr\/finance-infographic\/\">Finances Infographie<\/a><\/li><li class=\"elementor-sitemap-item elementor-sitemap-item-page page_item page-item-742\"><a href=\"https:\/\/omsa.ca\/fr\/grants_and_awards\/\">Subventions et bourses<\/a><\/li><li class=\"elementor-sitemap-item elementor-sitemap-item-page page_item page-item-152\"><a href=\"https:\/\/omsa.ca\/fr\/\">Page d&#039;accueil<\/a><\/li><li class=\"elementor-sitemap-item elementor-sitemap-item-page page_item page-item-4818\"><a href=\"https:\/\/omsa.ca\/fr\/hub-posts\/\">Messages du hub<\/a><\/li><li class=\"elementor-sitemap-item elementor-sitemap-item-page page_item page-item-733\"><a href=\"https:\/\/omsa.ca\/fr\/incoming-executive\/\">Ex\u00e9cutif entrant<\/a><\/li><li class=\"elementor-sitemap-item elementor-sitemap-item-page page_item page-item-628\"><a href=\"https:\/\/omsa.ca\/fr\/innovator-grant\/\">Innovateur Subventions<\/a><\/li><li class=\"elementor-sitemap-item elementor-sitemap-item-page page_item page-item-606\"><a href=\"https:\/\/omsa.ca\/fr\/join-a-committee\/\">Rejoindre un comit\u00e9<\/a><\/li><li class=\"elementor-sitemap-item elementor-sitemap-item-page page_item page-item-6672\"><a href=\"https:\/\/omsa.ca\/fr\/join-a-committee-copy\/\">Join a Committee &#8211; Copy<\/a><\/li><li class=\"elementor-sitemap-item elementor-sitemap-item-page page_item page-item-6663\"><a href=\"https:\/\/omsa.ca\/fr\/join-the-council\/\">Join the council<\/a><\/li><li class=\"elementor-sitemap-item elementor-sitemap-item-page page_item page-item-608\"><a href=\"https:\/\/omsa.ca\/fr\/leadership-summit-agm\/\">Leadership Et Sommet De L&#039;Assembl\u00e9e G\u00e9n\u00e9rale Annuelle<\/a><\/li><li class=\"elementor-sitemap-item elementor-sitemap-item-page page_item page-item-602\"><a href=\"https:\/\/omsa.ca\/fr\/med-retreat\/\">Med Retraite<\/a><\/li><li class=\"elementor-sitemap-item elementor-sitemap-item-page page_item page-item-630\"><a href=\"https:\/\/omsa.ca\/fr\/mserg\/\">Formation des \u00c9tudiants en m\u00e9decine de Subventions de Recherche (MSERG)<\/a><\/li><li class=\"elementor-sitemap-item elementor-sitemap-item-page page_item page-item-665\"><a href=\"https:\/\/omsa.ca\/fr\/mental-health-resources\/\">Ressources en sant\u00e9 mentale<\/a><\/li><li class=\"elementor-sitemap-item elementor-sitemap-item-page page_item page-item-2920\"><a href=\"https:\/\/omsa.ca\/fr\/my-account\/\">Mon compte<\/a><\/li><li class=\"elementor-sitemap-item elementor-sitemap-item-page page_item page-item-720\"><a href=\"https:\/\/omsa.ca\/fr\/northern-ontario-and-rural-medicine-norm-committee\/\">Le nord de l&#039;Ontario et de M\u00e9decine Rurale (NORME) Comit\u00e9<\/a><\/li><li class=\"elementor-sitemap-item elementor-sitemap-item-page page_item page-item-696\"><a href=\"https:\/\/omsa.ca\/fr\/oma-insurance\/\">OMA Assurance<\/a><\/li><li class=\"elementor-sitemap-item elementor-sitemap-item-page page_item page-item-702\"><a href=\"https:\/\/omsa.ca\/fr\/omsa-communique-archive\/\">Archives des communiqu\u00e9s de l&#039;OMSA<\/a><\/li><li class=\"elementor-sitemap-item elementor-sitemap-item-page page_item page-item-663\"><a href=\"https:\/\/omsa.ca\/fr\/omsa-mentorship-program\/\">OMSA Programme de Mentorat<\/a><\/li><li class=\"elementor-sitemap-item elementor-sitemap-item-page page_item page-item-4360\"><a href=\"https:\/\/omsa.ca\/fr\/omsw\/\">OMSW<\/a><\/li><li class=\"elementor-sitemap-item elementor-sitemap-item-page page_item page-item-6360\"><a href=\"https:\/\/omsa.ca\/fr\/ontario-doctor-ridings-map\/\">Carte des circonscriptions m\u00e9dicales de l&#039;Ontario<\/a><\/li><li class=\"elementor-sitemap-item elementor-sitemap-item-page page_item page-item-2856\"><a href=\"https:\/\/omsa.ca\/fr\/operations\/\">Les op\u00e9rations de<\/a><\/li><li class=\"elementor-sitemap-item elementor-sitemap-item-page page_item page-item-3889\"><a href=\"https:\/\/omsa.ca\/fr\/osmerc\/\">OSMERC<\/a><\/li><li class=\"elementor-sitemap-item elementor-sitemap-item-page page_item page-item-7568\"><a href=\"https:\/\/omsa.ca\/fr\/policy-and-perspective-papers-v3\/\">Policy and Perspective Papers v3<\/a><\/li><li class=\"elementor-sitemap-item elementor-sitemap-item-page page_item page-item-7527\"><a href=\"https:\/\/omsa.ca\/fr\/policy-papers-v2\/\">Policy Papers v2<\/a><\/li><li class=\"elementor-sitemap-item elementor-sitemap-item-page page_item page-item-654\"><a href=\"https:\/\/omsa.ca\/fr\/policy-updates\/\">Mise \u00e0 jour des conditions<\/a><\/li><li class=\"elementor-sitemap-item elementor-sitemap-item-page page_item page-item-5115\"><a href=\"https:\/\/omsa.ca\/fr\/portfolios\/\">Portefeuilles<\/a><\/li><li class=\"elementor-sitemap-item elementor-sitemap-item-page page_item page-item-2318\"><a href=\"https:\/\/omsa.ca\/fr\/submitting-policy-position-papers\/\">Position &#038; Perspective Paper Proposals<\/a><\/li><li class=\"elementor-sitemap-item elementor-sitemap-item-page page_item page-item-614\"><a href=\"https:\/\/omsa.ca\/fr\/position-papers\/\">Position &#038; Perspective Papers<\/a><\/li><li class=\"elementor-sitemap-item elementor-sitemap-item-page page_item page-item-612\"><a href=\"https:\/\/omsa.ca\/fr\/memberships\/\">Affiliations Professionnelles<\/a><\/li><li class=\"elementor-sitemap-item elementor-sitemap-item-page page_item page-item-1634\"><a href=\"https:\/\/omsa.ca\/fr\/public-relations\/\">Relations Publiques<\/a><\/li><li class=\"elementor-sitemap-item elementor-sitemap-item-page page_item page-item-6621\"><a href=\"https:\/\/omsa.ca\/fr\/public-relations-requests\/\">Demandes de relations publiques<\/a><\/li><li class=\"elementor-sitemap-item elementor-sitemap-item-page page_item page-item-690\"><a href=\"https:\/\/omsa.ca\/fr\/reimbursements\/\">Les remboursements<\/a><\/li><li class=\"elementor-sitemap-item elementor-sitemap-item-page page_item page-item-3278\"><a href=\"https:\/\/omsa.ca\/fr\/educational-resources\/\">Ressources<\/a><\/li><li class=\"elementor-sitemap-item elementor-sitemap-item-page page_item page-item-2914\"><a href=\"https:\/\/omsa.ca\/fr\/shop\/\">Boutique<\/a><\/li><li class=\"elementor-sitemap-item elementor-sitemap-item-page page_item page-item-712\"><a href=\"https:\/\/omsa.ca\/fr\/sponsorships\/\">Parrainages<\/a><\/li><li class=\"elementor-sitemap-item elementor-sitemap-item-page page_item page-item-686\"><a href=\"https:\/\/omsa.ca\/fr\/stethoscope-sale\/\">St\u00e9thoscope Vente<\/a><\/li><li class=\"elementor-sitemap-item elementor-sitemap-item-page page_item page-item-682\"><a href=\"https:\/\/omsa.ca\/fr\/strategic-and-financial-plan\/\">Des plans strat\u00e9gique et Financier<\/a><\/li><li class=\"elementor-sitemap-item elementor-sitemap-item-page page_item page-item-2581\"><a href=\"https:\/\/omsa.ca\/fr\/student-affairs\/\">Des Affaires \u00c9tudiantes<\/a><\/li><li class=\"elementor-sitemap-item elementor-sitemap-item-page page_item page-item-2744\"><a href=\"https:\/\/omsa.ca\/fr\/student-highlights\/\">\u00c9tudiante Souligne<\/a><\/li><li class=\"elementor-sitemap-item elementor-sitemap-item-page page_item page-item-626\"><a href=\"https:\/\/omsa.ca\/fr\/student-services\/\">Les Services aux \u00e9tudiants et Avantages<\/a><\/li><li class=\"elementor-sitemap-item elementor-sitemap-item-page page_item page-item-700\"><a href=\"https:\/\/omsa.ca\/fr\/td-and-omsas-financial-literacy-series-2023\/\">S\u00e9rie sur la litt\u00e9ratie financi\u00e8re TD et OMSA 2023<\/a><\/li><li class=\"elementor-sitemap-item elementor-sitemap-item-page page_item page-item-667\"><a href=\"https:\/\/omsa.ca\/fr\/vision-mission-and-values-vision-mission-et-valeurs\/\">Vision, Mission et Valeurs<\/a><\/li><li class=\"elementor-sitemap-item elementor-sitemap-item-page page_item page-item-6343\"><a href=\"https:\/\/omsa.ca\/fr\/website-feedback\/\">\u00c9valuations de site Web<\/a><\/li><li class=\"elementor-sitemap-item elementor-sitemap-item-page page_item page-item-604\"><a href=\"https:\/\/omsa.ca\/fr\/home\/\">Accueillir<\/a><\/li><li class=\"elementor-sitemap-item elementor-sitemap-item-page page_item page-item-716\"><a href=\"https:\/\/omsa.ca\/fr\/wellness-resources\/\">Bien-\u00catre Des Ressources<\/a><\/li><li class=\"elementor-sitemap-item elementor-sitemap-item-page page_item page-item-567\"><a href=\"https:\/\/omsa.ca\/fr\/what-is-omsa\/\">Qu\u2019est-ce qu\u2019OMSA ?<\/a><\/li><\/ul><\/div><\/div>\t\t<\/div>\n\t\t\t\t<\/div>\n\t\t\t\t\t<\/div>\n\t\t\t\t<\/div>\n\t\t<div class=\"elementor-element elementor-element-166ee7c e-flex e-con-boxed e-con e-parent\" data-id=\"166ee7c\" data-element_type=\"container\" data-settings=\"{&quot;container_type&quot;:&quot;flex&quot;,&quot;content_width&quot;:&quot;boxed&quot;}\" data-core-v316-plus=\"true\">\n\t\t\t\t\t<div class=\"e-con-inner\">\n\t\t\t\t<div class=\"elementor-element elementor-element-e2cb99f elementor-widget elementor-widget-spacer\" data-id=\"e2cb99f\" data-element_type=\"widget\" data-widget_type=\"spacer.default\">\n\t\t\t\t<div class=\"elementor-widget-container\">\n\t\t\t\t\t<div class=\"elementor-spacer\">\n\t\t\t<div class=\"elementor-spacer-inner\"><\/div>\n\t\t<\/div>\n\t\t\t\t<\/div>\n\t\t\t\t<\/div>\n\t\t\t\t\t<\/div>\n\t\t\t\t<\/div>\n\t\t\t\t<\/div>","protected":false},"excerpt":{"rendered":"<p>Site Map The site map displays a list of all pages on this site at one location for easy access. You may bookmark this page for quick access in the [&hellip;]<\/p>","protected":false},"author":2,"featured_media":0,"parent":0,"menu_order":0,"comment_status":"closed","ping_status":"closed","template":"","meta":{"footnotes":""},"class_list":["post-5719","page","type-page","status-publish","hentry"],"acf":[],"_links":{"self":[{"href":"https:\/\/omsa.ca\/fr\/wp-json\/wp\/v2\/pages\/5719","targetHints":{"allow":["GET"]}}],"collection":[{"href":"https:\/\/omsa.ca\/fr\/wp-json\/wp\/v2\/pages"}],"about":[{"href":"https:\/\/omsa.ca\/fr\/wp-json\/wp\/v2\/types\/page"}],"author":[{"embeddable":true,"href":"https:\/\/omsa.ca\/fr\/wp-json\/wp\/v2\/users\/2"}],"replies":[{"embeddable":true,"href":"https:\/\/omsa.ca\/fr\/wp-json\/wp\/v2\/comments?post=5719"}],"version-history":[{"count":26,"href":"https:\/\/omsa.ca\/fr\/wp-json\/wp\/v2\/pages\/5719\/revisions"}],"predecessor-version":[{"id":5954,"href":"https:\/\/omsa.ca\/fr\/wp-json\/wp\/v2\/pages\/5719\/revisions\/5954"}],"wp:attachment":[{"href":"https:\/\/omsa.ca\/fr\/wp-json\/wp\/v2\/media?parent=5719"}],"curies":[{"name":"wp","href":"https:\/\/api.w.org\/{rel}","templated":true}]}}