{"id":567,"date":"2024-01-04T00:40:33","date_gmt":"2024-01-04T00:40:33","guid":{"rendered":"https:\/\/staging.omsa.ca\/?page_id=567"},"modified":"2024-04-14T23:37:54","modified_gmt":"2024-04-14T23:37:54","slug":"what-is-omsa","status":"publish","type":"page","link":"https:\/\/omsa.ca\/fr\/what-is-omsa\/","title":{"rendered":"Qu\u2019est-ce qu\u2019OMSA ?"},"content":{"rendered":"<div data-elementor-type=\"wp-page\" data-elementor-id=\"567\" class=\"elementor elementor-567\" data-elementor-post-type=\"page\">\n\t\t\t\t<div class=\"elementor-element elementor-element-60279441 e-flex e-con-boxed e-con e-parent\" data-id=\"60279441\" data-element_type=\"container\" data-settings=\"{&quot;animation&quot;:&quot;none&quot;,&quot;container_type&quot;:&quot;flex&quot;,&quot;content_width&quot;:&quot;boxed&quot;}\" data-core-v316-plus=\"true\">\n\t\t\t\t\t<div class=\"e-con-inner\">\n\t\t<div class=\"elementor-element elementor-element-ffce5dc e-flex e-con-boxed elementor-invisible e-con e-child\" data-id=\"ffce5dc\" data-element_type=\"container\" data-settings=\"{&quot;animation&quot;:&quot;fadeIn&quot;,&quot;container_type&quot;:&quot;flex&quot;,&quot;content_width&quot;:&quot;boxed&quot;}\">\n\t\t\t\t\t<div class=\"e-con-inner\">\n\t\t\t\t<div class=\"elementor-element elementor-element-c17c583 elementor-widget elementor-widget-spacer\" data-id=\"c17c583\" data-element_type=\"widget\" data-widget_type=\"spacer.default\">\n\t\t\t\t<div class=\"elementor-widget-container\">\n\t\t\t<style>\/*! elementor - v3.19.0 - 07-02-2024 *\/\n.elementor-column .elementor-spacer-inner{height:var(--spacer-size)}.e-con{--container-widget-width:100%}.e-con-inner>.elementor-widget-spacer,.e-con>.elementor-widget-spacer{width:var(--container-widget-width,var(--spacer-size));--align-self:var(--container-widget-align-self,initial);--flex-shrink:0}.e-con-inner>.elementor-widget-spacer>.elementor-widget-container,.e-con>.elementor-widget-spacer>.elementor-widget-container{height:100%;width:100%}.e-con-inner>.elementor-widget-spacer>.elementor-widget-container>.elementor-spacer,.e-con>.elementor-widget-spacer>.elementor-widget-container>.elementor-spacer{height:100%}.e-con-inner>.elementor-widget-spacer>.elementor-widget-container>.elementor-spacer>.elementor-spacer-inner,.e-con>.elementor-widget-spacer>.elementor-widget-container>.elementor-spacer>.elementor-spacer-inner{height:var(--container-widget-height,var(--spacer-size))}.e-con-inner>.elementor-widget-spacer.elementor-widget-empty,.e-con>.elementor-widget-spacer.elementor-widget-empty{position:relative;min-height:22px;min-width:22px}.e-con-inner>.elementor-widget-spacer.elementor-widget-empty .elementor-widget-empty-icon,.e-con>.elementor-widget-spacer.elementor-widget-empty .elementor-widget-empty-icon{position:absolute;top:0;bottom:0;left:0;right:0;margin:auto;padding:0;width:22px;height:22px}<\/style>\t\t<div class=\"elementor-spacer\">\n\t\t\t<div class=\"elementor-spacer-inner\"><\/div>\n\t\t<\/div>\n\t\t\t\t<\/div>\n\t\t\t\t<\/div>\n\t\t\t\t<div class=\"elementor-element elementor-element-2f1b0d1 elementor-widget elementor-widget-heading\" data-id=\"2f1b0d1\" data-element_type=\"widget\" data-settings=\"{&quot;_animation&quot;:&quot;none&quot;}\" data-widget_type=\"heading.default\">\n\t\t\t\t<div class=\"elementor-widget-container\">\n\t\t\t<style>\/*! elementor - v3.19.0 - 07-02-2024 *\/\n.elementor-heading-title{padding:0;margin:0;line-height:1}.elementor-widget-heading .elementor-heading-title[class*=elementor-size-]>a{color:inherit;font-size:inherit;line-height:inherit}.elementor-widget-heading .elementor-heading-title.elementor-size-small{font-size:15px}.elementor-widget-heading .elementor-heading-title.elementor-size-medium{font-size:19px}.elementor-widget-heading .elementor-heading-title.elementor-size-large{font-size:29px}.elementor-widget-heading .elementor-heading-title.elementor-size-xl{font-size:39px}.elementor-widget-heading .elementor-heading-title.elementor-size-xxl{font-size:59px}<\/style><h1 class=\"elementor-heading-title elementor-size-default\">Qu\u2019est-ce qu\u2019OMSA ?<\/h1>\t\t<\/div>\n\t\t\t\t<\/div>\n\t\t\t\t<div class=\"elementor-element elementor-element-449e6650 elementor-widget elementor-widget-text-editor\" data-id=\"449e6650\" data-element_type=\"widget\" data-settings=\"{&quot;_animation&quot;:&quot;none&quot;}\" data-widget_type=\"text-editor.default\">\n\t\t\t\t<div class=\"elementor-widget-container\">\n\t\t\t<style>\/*! elementor - v3.19.0 - 07-02-2024 *\/\n.elementor-widget-text-editor.elementor-drop-cap-view-stacked .elementor-drop-cap{background-color:#69727d;color:#fff}.elementor-widget-text-editor.elementor-drop-cap-view-framed .elementor-drop-cap{color:#69727d;border:3px solid;background-color:transparent}.elementor-widget-text-editor:not(.elementor-drop-cap-view-default) .elementor-drop-cap{margin-top:8px}.elementor-widget-text-editor:not(.elementor-drop-cap-view-default) .elementor-drop-cap-letter{width:1em;height:1em}.elementor-widget-text-editor .elementor-drop-cap{float:left;text-align:center;line-height:1;font-size:50px}.elementor-widget-text-editor .elementor-drop-cap-letter{display:inline-block}<\/style>\t\t\t\t<p class=\"rtejustify\">Officiellement fond\u00e9e en mai 1974 lors de l&#039;AGA de l&#039;Association m\u00e9dicale de l&#039;Ontario, la section \u00e9tudiante de l&#039;OMA a \u00e9t\u00e9 cr\u00e9\u00e9e en utilisant l&#039;acronyme \u00ab OMSA \u00bb (abr\u00e9viation de Ontario Medical Students Association) en 2004. Les \u00e9tudiants de chacune des six facult\u00e9s de m\u00e9decine de l&#039;Ontario (Western, McMaster , Toronto, Queens, Ottawa et l&#039;\u00c9cole de m\u00e9decine du Nord de l&#039;Ontario) \u00e9lisent deux repr\u00e9sentants qui si\u00e9geront au Conseil ex\u00e9cutif de la section \u00e9tudiante pour un mandat de deux ans. De plus, ces repr\u00e9sentants \u00e9lisent deux copr\u00e9sidents, un directeur des communications, un directeur de la repr\u00e9sentation, un directeur des services et un agent d&#039;information\/tr\u00e9sorier pour un mandat d&#039;un an.<\/p><p class=\"rtejustify\">\u00a0<\/p><p class=\"rtejustify\">Aujourd&#039;hui, l&#039;OMSA est la voix \u00e9tudiante d\u00e9vou\u00e9e de l&#039;Association m\u00e9dicale de l&#039;Ontario (OMA), repr\u00e9sentant les points de vue et les pr\u00e9occupations de plus de 3 000 \u00e9tudiants en m\u00e9decine de l&#039;Ontario sur un certain nombre de questions, allant de l&#039;aide financi\u00e8re \u00e0 la formation postuniversitaire et \u00e0 la politique de sant\u00e9. De plus, l&#039;OMSA a \u00e9galement travaill\u00e9 au cours des derni\u00e8res ann\u00e9es pour concevoir un programme d&#039;\u00e9v\u00e9nements et de services permettant aux \u00e9tudiants d&#039;am\u00e9liorer leurs exp\u00e9riences tout au long de leur formation en m\u00e9decine. Nous avons cr\u00e9\u00e9 des opportunit\u00e9s et des activit\u00e9s qui offrent \u00e0 nos membres des activit\u00e9s sociales, de leadership, de d\u00e9fense des droits, de bien-\u00eatre, de d\u00e9veloppement professionnel et personnel. Veuillez parcourir notre page d&#039;\u00e9v\u00e9nements pour plus de d\u00e9tails sur ces activit\u00e9s. De plus, nous encourageons les \u00e9tudiants \u00e0 contacter le conseil ex\u00e9cutif de l&#039;OMSA pour plus d&#039;informations sur ces \u00e9v\u00e9nements et d&#039;autres opportunit\u00e9s avec notre association.<\/p>\t\t\t\t\t\t<\/div>\n\t\t\t\t<\/div>\n\t\t\t\t\t<\/div>\n\t\t\t\t<\/div>\n\t\t<div class=\"elementor-element elementor-element-f593792 e-flex e-con-boxed elementor-invisible e-con e-child\" data-id=\"f593792\" data-element_type=\"container\" data-settings=\"{&quot;animation&quot;:&quot;fadeIn&quot;,&quot;container_type&quot;:&quot;flex&quot;,&quot;content_width&quot;:&quot;boxed&quot;}\">\n\t\t\t\t\t<div class=\"e-con-inner\">\n\t\t\t\t<div class=\"elementor-element elementor-element-00f8004 elementor-widget elementor-widget-heading\" data-id=\"00f8004\" data-element_type=\"widget\" data-settings=\"{&quot;_animation&quot;:&quot;none&quot;}\" data-widget_type=\"heading.default\">\n\t\t\t\t<div class=\"elementor-widget-container\">\n\t\t\t<h2 class=\"elementor-heading-title elementor-size-default\">\u00catre impliqu\u00e9<\/h2>\t\t<\/div>\n\t\t\t\t<\/div>\n\t\t\t\t<div class=\"elementor-element elementor-element-88c87de elementor-widget elementor-widget-text-editor\" data-id=\"88c87de\" data-element_type=\"widget\" data-settings=\"{&quot;_animation&quot;:&quot;none&quot;}\" data-widget_type=\"text-editor.default\">\n\t\t\t\t<div class=\"elementor-widget-container\">\n\t\t\t\t\t\t\t<p class=\"rtejustify\">Parcourez le site Web pour jeter un \u0153il aux efforts actuels de l&#039;OMSA. Pour vous impliquer aupr\u00e8s de l&#039;OMSA, veuillez contacter un vice-pr\u00e9sident externe de votre facult\u00e9 de m\u00e9decine\u00a0! De plus, nous sommes toujours int\u00e9ress\u00e9s par vos commentaires. Pour nous contacter, veuillez utiliser les coordonn\u00e9es disponibles&nbsp;<a href=\"https:\/\/omsa.ca\/fr\/council\/\" target=\"_blank\">ici<\/a>.<\/p>\n<p class=\"rtejustify\">\n<\/p>\t\t\t\t\t\t<\/div>\n\t\t\t\t<\/div>\n\t\t\t\t\t<\/div>\n\t\t\t\t<\/div>\n\t\t\t\t\t<\/div>\n\t\t\t\t<\/div>\n\t\t<div class=\"elementor-element elementor-element-4ebdc60 e-flex e-con-boxed e-con e-parent\" data-id=\"4ebdc60\" data-element_type=\"container\" data-settings=\"{&quot;container_type&quot;:&quot;flex&quot;,&quot;content_width&quot;:&quot;boxed&quot;}\" data-core-v316-plus=\"true\">\n\t\t\t\t\t<div class=\"e-con-inner\">\n\t\t\t\t<div class=\"elementor-element elementor-element-6a58619 elementor-widget elementor-widget-spacer\" data-id=\"6a58619\" data-element_type=\"widget\" data-widget_type=\"spacer.default\">\n\t\t\t\t<div class=\"elementor-widget-container\">\n\t\t\t\t\t<div class=\"elementor-spacer\">\n\t\t\t<div class=\"elementor-spacer-inner\"><\/div>\n\t\t<\/div>\n\t\t\t\t<\/div>\n\t\t\t\t<\/div>\n\t\t\t\t\t<\/div>\n\t\t\t\t<\/div>\n\t\t\t\t<\/div>","protected":false},"excerpt":{"rendered":"<p>What is OMSA? Officially founded in May 1974 during the Ontario Medical Association&#8217;s AGM, the Student Section of the OMA was started using the acronym &#8220;OMSA&#8221; (short for Ontario Medical [&hellip;]<\/p>","protected":false},"author":2,"featured_media":0,"parent":0,"menu_order":0,"comment_status":"closed","ping_status":"closed","template":"","meta":{"footnotes":""},"class_list":["post-567","page","type-page","status-publish","hentry"],"acf":[],"_links":{"self":[{"href":"https:\/\/omsa.ca\/fr\/wp-json\/wp\/v2\/pages\/567","targetHints":{"allow":["GET"]}}],"collection":[{"href":"https:\/\/omsa.ca\/fr\/wp-json\/wp\/v2\/pages"}],"about":[{"href":"https:\/\/omsa.ca\/fr\/wp-json\/wp\/v2\/types\/page"}],"author":[{"embeddable":true,"href":"https:\/\/omsa.ca\/fr\/wp-json\/wp\/v2\/users\/2"}],"replies":[{"embeddable":true,"href":"https:\/\/omsa.ca\/fr\/wp-json\/wp\/v2\/comments?post=567"}],"version-history":[{"count":72,"href":"https:\/\/omsa.ca\/fr\/wp-json\/wp\/v2\/pages\/567\/revisions"}],"predecessor-version":[{"id":3819,"href":"https:\/\/omsa.ca\/fr\/wp-json\/wp\/v2\/pages\/567\/revisions\/3819"}],"wp:attachment":[{"href":"https:\/\/omsa.ca\/fr\/wp-json\/wp\/v2\/media?parent=567"}],"curies":[{"name":"wp","href":"https:\/\/api.w.org\/{rel}","templated":true}]}}